{"id":95,"date":"2018-02-05T17:35:08","date_gmt":"2018-02-05T16:35:08","guid":{"rendered":"http:\/\/lepouillerot.fr\/?page_id=95"},"modified":"2025-02-07T16:34:14","modified_gmt":"2025-02-07T15:34:14","slug":"menu-groupe","status":"publish","type":"page","link":"https:\/\/lepouillerot.fr\/?page_id=95","title":{"rendered":"MENU GROUPE"},"content":{"rendered":"<h2 style=\"text-align: center;\"><span style=\"text-decoration: underline;\"><em><strong>28,50 \u20ac TOUT COMPRIS<\/strong><\/em><\/span><\/h2>\n<p style=\"text-align: center;\"><strong><span style=\"color: #000000;\">CE MENU EST UN MENU TYPE DONC POUVANT ETRE MODIFIE <\/span><\/strong><br \/>\n<strong><span style=\"color: #000000;\">SUIVANT VOS ENVIES POUR LES GROUPES.<\/span><\/strong><\/p>\n<p style=\"text-align: center;\"><strong><span style=\"color: #000000;\"> NOUS CONTACTER POUR TOUS RENSEIGNEMENTS SUR TARIF ET AUTRES (pour tous les budgets)<\/span><\/strong><\/p>\n<p style=\"text-align: center;\">Kir ou jus de fruits<\/p>\n<p style=\"text-align: center;\">Salade du pouillerot<br \/>\n(Salade, tomate, cro\u00fbton, r\u00e2p\u00e9 de lardon fum\u00e9 et \u0153uf poch\u00e9 )<\/p>\n<p style=\"text-align: center;\">Fricass\u00e9e de volaille \u00e0 la cr\u00e8me<br \/>\nGarni avec sa tomate proven\u00e7ale et son riz pilaf<\/p>\n<p style=\"text-align: center;\">Fromage sec ou blanc fermier<\/p>\n<p style=\"text-align: center;\">Pav\u00e9 moelleux banane\/cacao<\/p>\n<p style=\"text-align: center;\">Caf\u00e9<\/p>\n<p style=\"text-align: center;\">Vin pichet<\/p>\n","protected":false},"excerpt":{"rendered":"<p>28,50 \u20ac TOUT COMPRIS CE MENU EST UN MENU TYPE DONC POUVANT ETRE MODIFIE SUIVANT VOS ENVIES POUR LES GROUPES. NOUS CONTACTER POUR TOUS RENSEIGNEMENTS SUR TARIF ET AUTRES (pour tous les budgets) Kir ou jus de fruits Salade du [&hellip;]<\/p>\n","protected":false},"author":1,"featured_media":0,"parent":0,"menu_order":0,"comment_status":"closed","ping_status":"closed","template":"","meta":{"inline_featured_image":false},"yoast_head":"<!-- This site is optimized with the Yoast SEO plugin v19.4 - https:\/\/yoast.com\/wordpress\/plugins\/seo\/ -->\n<title>Menu Groupe sur demande au Restaurant Le Pouillerot \u00e0 Pouilly les Feurs<\/title>\n<meta name=\"description\" content=\"Possibilit\u00e9 de vous faire un menu Groupe complet pour toutes occasions avec votre budget\" \/>\n<meta name=\"robots\" content=\"index, follow, max-snippet:-1, max-image-preview:large, max-video-preview:-1\" \/>\n<link rel=\"canonical\" href=\"https:\/\/lepouillerot.fr\/?page_id=95\" \/>\n<meta property=\"og:locale\" content=\"fr_FR\" \/>\n<meta property=\"og:type\" content=\"article\" \/>\n<meta property=\"og:title\" content=\"Menu Groupe sur demande au Restaurant Le Pouillerot \u00e0 Pouilly les Feurs\" \/>\n<meta property=\"og:description\" content=\"Possibilit\u00e9 de vous faire un menu Groupe complet pour toutes occasions avec votre budget\" \/>\n<meta property=\"og:url\" content=\"https:\/\/lepouillerot.fr\/?page_id=95\" \/>\n<meta property=\"og:site_name\" content=\"Restaurant Le Pouillerot\" \/>\n<meta property=\"article:modified_time\" content=\"2025-02-07T15:34:14+00:00\" \/>\n<meta name=\"twitter:card\" content=\"summary_large_image\" \/>\n<meta name=\"twitter:label1\" content=\"Dur\u00e9e de lecture estim\u00e9e\" \/>\n\t<meta name=\"twitter:data1\" content=\"1 minute\" \/>\n<script type=\"application\/ld+json\" class=\"yoast-schema-graph\">{\"@context\":\"https:\/\/schema.org\",\"@graph\":[{\"@type\":\"WebSite\",\"@id\":\"https:\/\/lepouillerot.fr\/#website\",\"url\":\"https:\/\/lepouillerot.fr\/\",\"name\":\"Restaurant Le Pouillerot\",\"description\":\"Le restaurant Le Pouillerot, d&#039;une capacit\u00e9 de 80 couverts, vous accueille \u00e0 Pouilly-l\u00e8s-Feurs\",\"potentialAction\":[{\"@type\":\"SearchAction\",\"target\":{\"@type\":\"EntryPoint\",\"urlTemplate\":\"https:\/\/lepouillerot.fr\/?s={search_term_string}\"},\"query-input\":\"required name=search_term_string\"}],\"inLanguage\":\"fr-FR\"},{\"@type\":\"WebPage\",\"@id\":\"https:\/\/lepouillerot.fr\/?page_id=95\",\"url\":\"https:\/\/lepouillerot.fr\/?page_id=95\",\"name\":\"Menu Groupe sur demande au Restaurant Le Pouillerot \u00e0 Pouilly les Feurs\",\"isPartOf\":{\"@id\":\"https:\/\/lepouillerot.fr\/#website\"},\"datePublished\":\"2018-02-05T16:35:08+00:00\",\"dateModified\":\"2025-02-07T15:34:14+00:00\",\"description\":\"Possibilit\u00e9 de vous faire un menu Groupe complet pour toutes occasions avec votre budget\",\"breadcrumb\":{\"@id\":\"https:\/\/lepouillerot.fr\/?page_id=95#breadcrumb\"},\"inLanguage\":\"fr-FR\",\"potentialAction\":[{\"@type\":\"ReadAction\",\"target\":[\"https:\/\/lepouillerot.fr\/?page_id=95\"]}]},{\"@type\":\"BreadcrumbList\",\"@id\":\"https:\/\/lepouillerot.fr\/?page_id=95#breadcrumb\",\"itemListElement\":[{\"@type\":\"ListItem\",\"position\":1,\"name\":\"Accueil\",\"item\":\"https:\/\/lepouillerot.fr\/\"},{\"@type\":\"ListItem\",\"position\":2,\"name\":\"MENU GROUPE\"}]}]}<\/script>\n<!-- \/ Yoast SEO plugin. -->","yoast_head_json":{"title":"Menu Groupe sur demande au Restaurant Le Pouillerot \u00e0 Pouilly les Feurs","description":"Possibilit\u00e9 de vous faire un menu Groupe complet pour toutes occasions avec votre budget","robots":{"index":"index","follow":"follow","max-snippet":"max-snippet:-1","max-image-preview":"max-image-preview:large","max-video-preview":"max-video-preview:-1"},"canonical":"https:\/\/lepouillerot.fr\/?page_id=95","og_locale":"fr_FR","og_type":"article","og_title":"Menu Groupe sur demande au Restaurant Le Pouillerot \u00e0 Pouilly les Feurs","og_description":"Possibilit\u00e9 de vous faire un menu Groupe complet pour toutes occasions avec votre budget","og_url":"https:\/\/lepouillerot.fr\/?page_id=95","og_site_name":"Restaurant Le Pouillerot","article_modified_time":"2025-02-07T15:34:14+00:00","twitter_card":"summary_large_image","twitter_misc":{"Dur\u00e9e de lecture estim\u00e9e":"1 minute"},"schema":{"@context":"https:\/\/schema.org","@graph":[{"@type":"WebSite","@id":"https:\/\/lepouillerot.fr\/#website","url":"https:\/\/lepouillerot.fr\/","name":"Restaurant Le Pouillerot","description":"Le restaurant Le Pouillerot, d&#039;une capacit\u00e9 de 80 couverts, vous accueille \u00e0 Pouilly-l\u00e8s-Feurs","potentialAction":[{"@type":"SearchAction","target":{"@type":"EntryPoint","urlTemplate":"https:\/\/lepouillerot.fr\/?s={search_term_string}"},"query-input":"required name=search_term_string"}],"inLanguage":"fr-FR"},{"@type":"WebPage","@id":"https:\/\/lepouillerot.fr\/?page_id=95","url":"https:\/\/lepouillerot.fr\/?page_id=95","name":"Menu Groupe sur demande au Restaurant Le Pouillerot \u00e0 Pouilly les Feurs","isPartOf":{"@id":"https:\/\/lepouillerot.fr\/#website"},"datePublished":"2018-02-05T16:35:08+00:00","dateModified":"2025-02-07T15:34:14+00:00","description":"Possibilit\u00e9 de vous faire un menu Groupe complet pour toutes occasions avec votre budget","breadcrumb":{"@id":"https:\/\/lepouillerot.fr\/?page_id=95#breadcrumb"},"inLanguage":"fr-FR","potentialAction":[{"@type":"ReadAction","target":["https:\/\/lepouillerot.fr\/?page_id=95"]}]},{"@type":"BreadcrumbList","@id":"https:\/\/lepouillerot.fr\/?page_id=95#breadcrumb","itemListElement":[{"@type":"ListItem","position":1,"name":"Accueil","item":"https:\/\/lepouillerot.fr\/"},{"@type":"ListItem","position":2,"name":"MENU GROUPE"}]}]}},"_links":{"self":[{"href":"https:\/\/lepouillerot.fr\/index.php?rest_route=\/wp\/v2\/pages\/95"}],"collection":[{"href":"https:\/\/lepouillerot.fr\/index.php?rest_route=\/wp\/v2\/pages"}],"about":[{"href":"https:\/\/lepouillerot.fr\/index.php?rest_route=\/wp\/v2\/types\/page"}],"author":[{"embeddable":true,"href":"https:\/\/lepouillerot.fr\/index.php?rest_route=\/wp\/v2\/users\/1"}],"replies":[{"embeddable":true,"href":"https:\/\/lepouillerot.fr\/index.php?rest_route=%2Fwp%2Fv2%2Fcomments&post=95"}],"version-history":[{"count":16,"href":"https:\/\/lepouillerot.fr\/index.php?rest_route=\/wp\/v2\/pages\/95\/revisions"}],"predecessor-version":[{"id":1303,"href":"https:\/\/lepouillerot.fr\/index.php?rest_route=\/wp\/v2\/pages\/95\/revisions\/1303"}],"wp:attachment":[{"href":"https:\/\/lepouillerot.fr\/index.php?rest_route=%2Fwp%2Fv2%2Fmedia&parent=95"}],"curies":[{"name":"wp","href":"https:\/\/api.w.org\/{rel}","templated":true}]}}