{"id":83,"date":"2018-02-05T16:15:04","date_gmt":"2018-02-05T15:15:04","guid":{"rendered":"http:\/\/lepouillerot.fr\/?page_id=83"},"modified":"2024-11-04T18:07:39","modified_gmt":"2024-11-04T17:07:39","slug":"nos-desserts-fait-maison-et-glaces","status":"publish","type":"page","link":"https:\/\/lepouillerot.fr\/?page_id=83","title":{"rendered":"CARTE DESSERTS FAIT-MAISON ET GLACES"},"content":{"rendered":"<h2 style=\"text-align: center;\"><span style=\"text-decoration: underline;\">Nos desserts fait-maison 6,50 \u20ac<\/span><\/h2>\n<p style=\"text-align: center;\">Mousse chocolat<br \/>\nMoelleux au chocolat<br \/>\nCr\u00e8me br\u00fbl\u00e9e \u00e0 la vanille des \u00eeles<br \/>\nCr\u00e8me caramel fa\u00e7on grand m\u00e8re<br \/>\nSalade de fruits frais<br \/>\nIle flottante<br \/>\nTiramisu Glac\u00e9<\/p>\n<h2 style=\"text-align: center;\"><span style=\"text-decoration: underline;\"><em><strong>NOS GLACES<\/strong><\/em><\/span><\/h2>\n<p style=\"text-align: center;\">Vacherin glac\u00e9 \u00e0 la framboise&#8230;.. 6,50 \u20ac<\/p>\n<p style=\"text-align: center;\">Palet glac\u00e9 caramel&#8230;&#8230;&#8230;&#8230;&#8230;.. 6,50 \u20ac<br \/>\nGlace enfant + surprise\u00a0\u00a0&#8230;&#8230;&#8230; 6,50 \u20ac<br \/>\n1 Boule : 4 \u20ac\u00a0 2 Boules : 5 \u20ac\u00a0 3 Boules : 6 \u20ac<\/p>\n<p class=\"cma-preview\">\n","protected":false},"excerpt":{"rendered":"<p>Nos desserts fait-maison 6,50 \u20ac Mousse chocolat Moelleux au chocolat Cr\u00e8me br\u00fbl\u00e9e \u00e0 la vanille des \u00eeles Cr\u00e8me caramel fa\u00e7on grand m\u00e8re Salade de fruits frais Ile flottante Tiramisu Glac\u00e9 NOS GLACES Vacherin glac\u00e9 \u00e0 la framboise&#8230;.. 6,50 \u20ac Palet [&hellip;]<\/p>\n","protected":false},"author":1,"featured_media":0,"parent":0,"menu_order":0,"comment_status":"closed","ping_status":"closed","template":"","meta":{"inline_featured_image":false},"yoast_head":"<!-- This site is optimized with the Yoast SEO plugin v19.4 - https:\/\/yoast.com\/wordpress\/plugins\/seo\/ -->\n<title>Notre carte de desserts fait maison et glaces au Restaurant Le Pouillerot<\/title>\n<meta name=\"description\" content=\"Nos desserts fait maison traditionnels, desserts glac\u00e9s et diff\u00e9rentes sorte de glaces\" \/>\n<meta name=\"robots\" content=\"index, follow, max-snippet:-1, max-image-preview:large, max-video-preview:-1\" \/>\n<link rel=\"canonical\" href=\"https:\/\/lepouillerot.fr\/?page_id=83\" \/>\n<meta property=\"og:locale\" content=\"fr_FR\" \/>\n<meta property=\"og:type\" content=\"article\" \/>\n<meta property=\"og:title\" content=\"Notre carte de desserts fait maison et glaces au Restaurant Le Pouillerot\" \/>\n<meta property=\"og:description\" content=\"Nos desserts fait maison traditionnels, desserts glac\u00e9s et diff\u00e9rentes sorte de glaces\" \/>\n<meta property=\"og:url\" content=\"https:\/\/lepouillerot.fr\/?page_id=83\" \/>\n<meta property=\"og:site_name\" content=\"Restaurant Le Pouillerot\" \/>\n<meta property=\"article:modified_time\" content=\"2024-11-04T17:07:39+00:00\" \/>\n<meta name=\"twitter:card\" content=\"summary_large_image\" \/>\n<meta name=\"twitter:label1\" content=\"Dur\u00e9e de lecture estim\u00e9e\" \/>\n\t<meta name=\"twitter:data1\" content=\"1 minute\" \/>\n<script type=\"application\/ld+json\" class=\"yoast-schema-graph\">{\"@context\":\"https:\/\/schema.org\",\"@graph\":[{\"@type\":\"WebSite\",\"@id\":\"https:\/\/lepouillerot.fr\/#website\",\"url\":\"https:\/\/lepouillerot.fr\/\",\"name\":\"Restaurant Le Pouillerot\",\"description\":\"Le restaurant Le Pouillerot, d&#039;une capacit\u00e9 de 80 couverts, vous accueille \u00e0 Pouilly-l\u00e8s-Feurs\",\"potentialAction\":[{\"@type\":\"SearchAction\",\"target\":{\"@type\":\"EntryPoint\",\"urlTemplate\":\"https:\/\/lepouillerot.fr\/?s={search_term_string}\"},\"query-input\":\"required name=search_term_string\"}],\"inLanguage\":\"fr-FR\"},{\"@type\":\"WebPage\",\"@id\":\"https:\/\/lepouillerot.fr\/?page_id=83\",\"url\":\"https:\/\/lepouillerot.fr\/?page_id=83\",\"name\":\"Notre carte de desserts fait maison et glaces au Restaurant Le Pouillerot\",\"isPartOf\":{\"@id\":\"https:\/\/lepouillerot.fr\/#website\"},\"datePublished\":\"2018-02-05T15:15:04+00:00\",\"dateModified\":\"2024-11-04T17:07:39+00:00\",\"description\":\"Nos desserts fait maison traditionnels, desserts glac\u00e9s et diff\u00e9rentes sorte de glaces\",\"breadcrumb\":{\"@id\":\"https:\/\/lepouillerot.fr\/?page_id=83#breadcrumb\"},\"inLanguage\":\"fr-FR\",\"potentialAction\":[{\"@type\":\"ReadAction\",\"target\":[\"https:\/\/lepouillerot.fr\/?page_id=83\"]}]},{\"@type\":\"BreadcrumbList\",\"@id\":\"https:\/\/lepouillerot.fr\/?page_id=83#breadcrumb\",\"itemListElement\":[{\"@type\":\"ListItem\",\"position\":1,\"name\":\"Accueil\",\"item\":\"https:\/\/lepouillerot.fr\/\"},{\"@type\":\"ListItem\",\"position\":2,\"name\":\"CARTE DESSERTS FAIT-MAISON ET GLACES\"}]}]}<\/script>\n<!-- \/ Yoast SEO plugin. -->","yoast_head_json":{"title":"Notre carte de desserts fait maison et glaces au Restaurant Le Pouillerot","description":"Nos desserts fait maison traditionnels, desserts glac\u00e9s et diff\u00e9rentes sorte de glaces","robots":{"index":"index","follow":"follow","max-snippet":"max-snippet:-1","max-image-preview":"max-image-preview:large","max-video-preview":"max-video-preview:-1"},"canonical":"https:\/\/lepouillerot.fr\/?page_id=83","og_locale":"fr_FR","og_type":"article","og_title":"Notre carte de desserts fait maison et glaces au Restaurant Le Pouillerot","og_description":"Nos desserts fait maison traditionnels, desserts glac\u00e9s et diff\u00e9rentes sorte de glaces","og_url":"https:\/\/lepouillerot.fr\/?page_id=83","og_site_name":"Restaurant Le Pouillerot","article_modified_time":"2024-11-04T17:07:39+00:00","twitter_card":"summary_large_image","twitter_misc":{"Dur\u00e9e de lecture estim\u00e9e":"1 minute"},"schema":{"@context":"https:\/\/schema.org","@graph":[{"@type":"WebSite","@id":"https:\/\/lepouillerot.fr\/#website","url":"https:\/\/lepouillerot.fr\/","name":"Restaurant Le Pouillerot","description":"Le restaurant Le Pouillerot, d&#039;une capacit\u00e9 de 80 couverts, vous accueille \u00e0 Pouilly-l\u00e8s-Feurs","potentialAction":[{"@type":"SearchAction","target":{"@type":"EntryPoint","urlTemplate":"https:\/\/lepouillerot.fr\/?s={search_term_string}"},"query-input":"required name=search_term_string"}],"inLanguage":"fr-FR"},{"@type":"WebPage","@id":"https:\/\/lepouillerot.fr\/?page_id=83","url":"https:\/\/lepouillerot.fr\/?page_id=83","name":"Notre carte de desserts fait maison et glaces au Restaurant Le Pouillerot","isPartOf":{"@id":"https:\/\/lepouillerot.fr\/#website"},"datePublished":"2018-02-05T15:15:04+00:00","dateModified":"2024-11-04T17:07:39+00:00","description":"Nos desserts fait maison traditionnels, desserts glac\u00e9s et diff\u00e9rentes sorte de glaces","breadcrumb":{"@id":"https:\/\/lepouillerot.fr\/?page_id=83#breadcrumb"},"inLanguage":"fr-FR","potentialAction":[{"@type":"ReadAction","target":["https:\/\/lepouillerot.fr\/?page_id=83"]}]},{"@type":"BreadcrumbList","@id":"https:\/\/lepouillerot.fr\/?page_id=83#breadcrumb","itemListElement":[{"@type":"ListItem","position":1,"name":"Accueil","item":"https:\/\/lepouillerot.fr\/"},{"@type":"ListItem","position":2,"name":"CARTE DESSERTS FAIT-MAISON ET GLACES"}]}]}},"_links":{"self":[{"href":"https:\/\/lepouillerot.fr\/index.php?rest_route=\/wp\/v2\/pages\/83"}],"collection":[{"href":"https:\/\/lepouillerot.fr\/index.php?rest_route=\/wp\/v2\/pages"}],"about":[{"href":"https:\/\/lepouillerot.fr\/index.php?rest_route=\/wp\/v2\/types\/page"}],"author":[{"embeddable":true,"href":"https:\/\/lepouillerot.fr\/index.php?rest_route=\/wp\/v2\/users\/1"}],"replies":[{"embeddable":true,"href":"https:\/\/lepouillerot.fr\/index.php?rest_route=%2Fwp%2Fv2%2Fcomments&post=83"}],"version-history":[{"count":17,"href":"https:\/\/lepouillerot.fr\/index.php?rest_route=\/wp\/v2\/pages\/83\/revisions"}],"predecessor-version":[{"id":1266,"href":"https:\/\/lepouillerot.fr\/index.php?rest_route=\/wp\/v2\/pages\/83\/revisions\/1266"}],"wp:attachment":[{"href":"https:\/\/lepouillerot.fr\/index.php?rest_route=%2Fwp%2Fv2%2Fmedia&parent=83"}],"curies":[{"name":"wp","href":"https:\/\/api.w.org\/{rel}","templated":true}]}}