{"id":71,"date":"2018-02-05T17:28:51","date_gmt":"2018-02-05T16:28:51","guid":{"rendered":"http:\/\/lepouillerot.fr\/?page_id=71"},"modified":"2025-10-20T16:07:16","modified_gmt":"2025-10-20T14:07:16","slug":"carte-des-entrees","status":"publish","type":"page","link":"https:\/\/lepouillerot.fr\/?page_id=71","title":{"rendered":"CARTE DES ENTR\u00c9ES"},"content":{"rendered":"<h2 style=\"text-align: center;\"><span style=\"text-decoration: underline;\"><em><strong>NOS ENTREES<\/strong><\/em><\/span><\/h2>\n<p style=\"text-align: center;\"><span style=\"color: #000000;\"><strong>PETITE ASSIETTE 10 \u20ac<\/strong><\/span><br \/>\n<span style=\"color: #000000;\"><strong>GRANDE ASSIETTE 12\u20ac<\/strong><\/span><\/p>\n<p style=\"text-align: center;\">\n<p style=\"text-align: center;\">\n<p style=\"text-align: center;\">Salade du chef<br \/>\n(Salade, tomate, \u0153uf, cro\u00fbtons, mousse de canard et jambon cru )<\/p>\n<p style=\"text-align: center;\">Salade de la mer<\/p>\n<p style=\"text-align: center;\">(salade\/tomate\/poivron marin\u00e9\/asperge\/saumon fum\u00e9 et crevette rose)<\/p>\n<p style=\"text-align: center;\">P\u00e2t\u00e9 croute de pintade(champignons, mousse de foie et pistache)<\/p>\n<p style=\"text-align: center;\">Terrine de confit de foie de porc fa\u00e7on grand m\u00e8re<\/p>\n<p style=\"text-align: center;\">Assiette de saumon fum\u00e9\u00a0 <strong>fait maison <\/strong>&#8211; 15 \u20ac<\/p>\n<p style=\"text-align: center;\">Assiette terre\/mer &#8211; 18.50 \u20ac<br \/>\nTerrine de Foie gras de canard maison \u00e0 la figue <strong>fait maison<\/strong>\/saumon fum\u00e9 <strong>fait maison<\/strong>\/magret de canard fum\u00e9\/crevette bouquet\/salade<\/p>\n<p style=\"text-align: center;\">Terrine de foie gras \u00e0 la figue\u00a0 <strong>fait maison<\/strong>&#8211; 17.50 \u20ac<br \/>\navec sa gel\u00e9e au porto et sa salade mesclun<\/p>\n<p style=\"text-align: center;\">La douzaine d&rsquo;escargot de bourgogne\u00a0 <strong>fait maison<\/strong>&#8211; 14 \u20ac<\/p>\n<p style=\"text-align: center;\">\n<p class=\"cma-preview\" style=\"text-align: center;\">\n","protected":false},"excerpt":{"rendered":"<p>NOS ENTREES PETITE ASSIETTE 10 \u20ac GRANDE ASSIETTE 12\u20ac Salade du chef (Salade, tomate, \u0153uf, cro\u00fbtons, mousse de canard et jambon cru ) Salade de la mer (salade\/tomate\/poivron marin\u00e9\/asperge\/saumon fum\u00e9 et crevette rose) P\u00e2t\u00e9 croute de pintade(champignons, mousse de foie [&hellip;]<\/p>\n","protected":false},"author":1,"featured_media":0,"parent":0,"menu_order":0,"comment_status":"closed","ping_status":"closed","template":"","meta":{"inline_featured_image":false},"yoast_head":"<!-- This site is optimized with the Yoast SEO plugin v19.4 - https:\/\/yoast.com\/wordpress\/plugins\/seo\/ -->\n<title>Carte des Entr\u00e9es au Restaurant Le POUILLEROT \u00e0 Pouilly les Feurs<\/title>\n<meta name=\"description\" content=\"Un large choix d&#039;ent\u00e9es petites ou grandes dont certaines incontournables \u00e0 base de produits du terroir\" \/>\n<meta name=\"robots\" content=\"index, follow, max-snippet:-1, max-image-preview:large, max-video-preview:-1\" \/>\n<link rel=\"canonical\" href=\"https:\/\/lepouillerot.fr\/?page_id=71\" \/>\n<meta property=\"og:locale\" content=\"fr_FR\" \/>\n<meta property=\"og:type\" content=\"article\" \/>\n<meta property=\"og:title\" content=\"Carte des Entr\u00e9es au Restaurant Le POUILLEROT \u00e0 Pouilly les Feurs\" \/>\n<meta property=\"og:description\" content=\"Un large choix d&#039;ent\u00e9es petites ou grandes dont certaines incontournables \u00e0 base de produits du terroir\" \/>\n<meta property=\"og:url\" content=\"https:\/\/lepouillerot.fr\/?page_id=71\" \/>\n<meta property=\"og:site_name\" content=\"Restaurant Le Pouillerot\" \/>\n<meta property=\"article:modified_time\" content=\"2025-10-20T14:07:16+00:00\" \/>\n<meta name=\"twitter:card\" content=\"summary_large_image\" \/>\n<meta name=\"twitter:label1\" content=\"Dur\u00e9e de lecture estim\u00e9e\" \/>\n\t<meta name=\"twitter:data1\" content=\"1 minute\" \/>\n<script type=\"application\/ld+json\" class=\"yoast-schema-graph\">{\"@context\":\"https:\/\/schema.org\",\"@graph\":[{\"@type\":\"WebSite\",\"@id\":\"https:\/\/lepouillerot.fr\/#website\",\"url\":\"https:\/\/lepouillerot.fr\/\",\"name\":\"Restaurant Le Pouillerot\",\"description\":\"Le restaurant Le Pouillerot, d&#039;une capacit\u00e9 de 80 couverts, vous accueille \u00e0 Pouilly-l\u00e8s-Feurs\",\"potentialAction\":[{\"@type\":\"SearchAction\",\"target\":{\"@type\":\"EntryPoint\",\"urlTemplate\":\"https:\/\/lepouillerot.fr\/?s={search_term_string}\"},\"query-input\":\"required name=search_term_string\"}],\"inLanguage\":\"fr-FR\"},{\"@type\":\"WebPage\",\"@id\":\"https:\/\/lepouillerot.fr\/?page_id=71\",\"url\":\"https:\/\/lepouillerot.fr\/?page_id=71\",\"name\":\"Carte des Entr\u00e9es au Restaurant Le POUILLEROT \u00e0 Pouilly les Feurs\",\"isPartOf\":{\"@id\":\"https:\/\/lepouillerot.fr\/#website\"},\"datePublished\":\"2018-02-05T16:28:51+00:00\",\"dateModified\":\"2025-10-20T14:07:16+00:00\",\"description\":\"Un large choix d'ent\u00e9es petites ou grandes dont certaines incontournables \u00e0 base de produits du terroir\",\"breadcrumb\":{\"@id\":\"https:\/\/lepouillerot.fr\/?page_id=71#breadcrumb\"},\"inLanguage\":\"fr-FR\",\"potentialAction\":[{\"@type\":\"ReadAction\",\"target\":[\"https:\/\/lepouillerot.fr\/?page_id=71\"]}]},{\"@type\":\"BreadcrumbList\",\"@id\":\"https:\/\/lepouillerot.fr\/?page_id=71#breadcrumb\",\"itemListElement\":[{\"@type\":\"ListItem\",\"position\":1,\"name\":\"Accueil\",\"item\":\"https:\/\/lepouillerot.fr\/\"},{\"@type\":\"ListItem\",\"position\":2,\"name\":\"CARTE DES ENTR\u00c9ES\"}]}]}<\/script>\n<!-- \/ Yoast SEO plugin. -->","yoast_head_json":{"title":"Carte des Entr\u00e9es au Restaurant Le POUILLEROT \u00e0 Pouilly les Feurs","description":"Un large choix d'ent\u00e9es petites ou grandes dont certaines incontournables \u00e0 base de produits du terroir","robots":{"index":"index","follow":"follow","max-snippet":"max-snippet:-1","max-image-preview":"max-image-preview:large","max-video-preview":"max-video-preview:-1"},"canonical":"https:\/\/lepouillerot.fr\/?page_id=71","og_locale":"fr_FR","og_type":"article","og_title":"Carte des Entr\u00e9es au Restaurant Le POUILLEROT \u00e0 Pouilly les Feurs","og_description":"Un large choix d'ent\u00e9es petites ou grandes dont certaines incontournables \u00e0 base de produits du terroir","og_url":"https:\/\/lepouillerot.fr\/?page_id=71","og_site_name":"Restaurant Le Pouillerot","article_modified_time":"2025-10-20T14:07:16+00:00","twitter_card":"summary_large_image","twitter_misc":{"Dur\u00e9e de lecture estim\u00e9e":"1 minute"},"schema":{"@context":"https:\/\/schema.org","@graph":[{"@type":"WebSite","@id":"https:\/\/lepouillerot.fr\/#website","url":"https:\/\/lepouillerot.fr\/","name":"Restaurant Le Pouillerot","description":"Le restaurant Le Pouillerot, d&#039;une capacit\u00e9 de 80 couverts, vous accueille \u00e0 Pouilly-l\u00e8s-Feurs","potentialAction":[{"@type":"SearchAction","target":{"@type":"EntryPoint","urlTemplate":"https:\/\/lepouillerot.fr\/?s={search_term_string}"},"query-input":"required name=search_term_string"}],"inLanguage":"fr-FR"},{"@type":"WebPage","@id":"https:\/\/lepouillerot.fr\/?page_id=71","url":"https:\/\/lepouillerot.fr\/?page_id=71","name":"Carte des Entr\u00e9es au Restaurant Le POUILLEROT \u00e0 Pouilly les Feurs","isPartOf":{"@id":"https:\/\/lepouillerot.fr\/#website"},"datePublished":"2018-02-05T16:28:51+00:00","dateModified":"2025-10-20T14:07:16+00:00","description":"Un large choix d'ent\u00e9es petites ou grandes dont certaines incontournables \u00e0 base de produits du terroir","breadcrumb":{"@id":"https:\/\/lepouillerot.fr\/?page_id=71#breadcrumb"},"inLanguage":"fr-FR","potentialAction":[{"@type":"ReadAction","target":["https:\/\/lepouillerot.fr\/?page_id=71"]}]},{"@type":"BreadcrumbList","@id":"https:\/\/lepouillerot.fr\/?page_id=71#breadcrumb","itemListElement":[{"@type":"ListItem","position":1,"name":"Accueil","item":"https:\/\/lepouillerot.fr\/"},{"@type":"ListItem","position":2,"name":"CARTE DES ENTR\u00c9ES"}]}]}},"_links":{"self":[{"href":"https:\/\/lepouillerot.fr\/index.php?rest_route=\/wp\/v2\/pages\/71"}],"collection":[{"href":"https:\/\/lepouillerot.fr\/index.php?rest_route=\/wp\/v2\/pages"}],"about":[{"href":"https:\/\/lepouillerot.fr\/index.php?rest_route=\/wp\/v2\/types\/page"}],"author":[{"embeddable":true,"href":"https:\/\/lepouillerot.fr\/index.php?rest_route=\/wp\/v2\/users\/1"}],"replies":[{"embeddable":true,"href":"https:\/\/lepouillerot.fr\/index.php?rest_route=%2Fwp%2Fv2%2Fcomments&post=71"}],"version-history":[{"count":33,"href":"https:\/\/lepouillerot.fr\/index.php?rest_route=\/wp\/v2\/pages\/71\/revisions"}],"predecessor-version":[{"id":1329,"href":"https:\/\/lepouillerot.fr\/index.php?rest_route=\/wp\/v2\/pages\/71\/revisions\/1329"}],"wp:attachment":[{"href":"https:\/\/lepouillerot.fr\/index.php?rest_route=%2Fwp%2Fv2%2Fmedia&parent=71"}],"curies":[{"name":"wp","href":"https:\/\/api.w.org\/{rel}","templated":true}]}}