{"id":64,"date":"2018-02-05T16:01:09","date_gmt":"2018-02-05T15:01:09","guid":{"rendered":"http:\/\/lepouillerot.fr\/?page_id=64"},"modified":"2024-05-03T17:54:33","modified_gmt":"2024-05-03T15:54:33","slug":"menu-enfant-le-dimanche","status":"publish","type":"page","link":"https:\/\/lepouillerot.fr\/?page_id=64","title":{"rendered":"MENU ENFANT LE DIMANCHE"},"content":{"rendered":"<h2 style=\"text-align: center;\"><span style=\"text-decoration: underline;\">MENU ENFANT (-10 ans) 13 \u20ac<\/span><\/h2>\n<p style=\"text-align: center;\">Steak de b\u0153uf du boucher po\u00eal\u00e9 (produit du terroir)<\/p>\n<p style=\"text-align: center;\">Frites maison<\/p>\n<p style=\"text-align: center;\">Chariot de desserts ou glace pour enfant<\/p>\n","protected":false},"excerpt":{"rendered":"<p>MENU ENFANT (-10 ans) 13 \u20ac Steak de b\u0153uf du boucher po\u00eal\u00e9 (produit du terroir) Frites maison Chariot de desserts ou glace pour enfant<\/p>\n","protected":false},"author":1,"featured_media":0,"parent":0,"menu_order":0,"comment_status":"closed","ping_status":"closed","template":"","meta":{"inline_featured_image":false},"yoast_head":"<!-- This site is optimized with the Yoast SEO plugin v19.4 - https:\/\/yoast.com\/wordpress\/plugins\/seo\/ -->\n<title>Menu enfant complet \u00e0 12 \u20ac le dimanche au Restaurant Le Pouillerot<\/title>\n<meta name=\"description\" content=\"Un menu complet \u00e0 12 \u20ac le dimanche avec des bon produits (steak du bouch\u00e9 et frites maison) et son chariot de desserts\" \/>\n<meta name=\"robots\" content=\"index, follow, max-snippet:-1, max-image-preview:large, max-video-preview:-1\" \/>\n<link rel=\"canonical\" href=\"https:\/\/lepouillerot.fr\/?page_id=64\" \/>\n<meta property=\"og:locale\" content=\"fr_FR\" \/>\n<meta property=\"og:type\" content=\"article\" \/>\n<meta property=\"og:title\" content=\"Menu enfant complet \u00e0 12 \u20ac le dimanche au Restaurant Le Pouillerot\" \/>\n<meta property=\"og:description\" content=\"Un menu complet \u00e0 12 \u20ac le dimanche avec des bon produits (steak du bouch\u00e9 et frites maison) et son chariot de desserts\" \/>\n<meta property=\"og:url\" content=\"https:\/\/lepouillerot.fr\/?page_id=64\" \/>\n<meta property=\"og:site_name\" content=\"Restaurant Le Pouillerot\" \/>\n<meta property=\"article:modified_time\" content=\"2024-05-03T15:54:33+00:00\" \/>\n<meta name=\"twitter:card\" content=\"summary_large_image\" \/>\n<meta name=\"twitter:label1\" content=\"Dur\u00e9e de lecture estim\u00e9e\" \/>\n\t<meta name=\"twitter:data1\" content=\"1 minute\" \/>\n<script type=\"application\/ld+json\" class=\"yoast-schema-graph\">{\"@context\":\"https:\/\/schema.org\",\"@graph\":[{\"@type\":\"WebSite\",\"@id\":\"https:\/\/lepouillerot.fr\/#website\",\"url\":\"https:\/\/lepouillerot.fr\/\",\"name\":\"Restaurant Le Pouillerot\",\"description\":\"Le restaurant Le Pouillerot, d&#039;une capacit\u00e9 de 80 couverts, vous accueille \u00e0 Pouilly-l\u00e8s-Feurs\",\"potentialAction\":[{\"@type\":\"SearchAction\",\"target\":{\"@type\":\"EntryPoint\",\"urlTemplate\":\"https:\/\/lepouillerot.fr\/?s={search_term_string}\"},\"query-input\":\"required name=search_term_string\"}],\"inLanguage\":\"fr-FR\"},{\"@type\":\"WebPage\",\"@id\":\"https:\/\/lepouillerot.fr\/?page_id=64\",\"url\":\"https:\/\/lepouillerot.fr\/?page_id=64\",\"name\":\"Menu enfant complet \u00e0 12 \u20ac le dimanche au Restaurant Le Pouillerot\",\"isPartOf\":{\"@id\":\"https:\/\/lepouillerot.fr\/#website\"},\"datePublished\":\"2018-02-05T15:01:09+00:00\",\"dateModified\":\"2024-05-03T15:54:33+00:00\",\"description\":\"Un menu complet \u00e0 12 \u20ac le dimanche avec des bon produits (steak du bouch\u00e9 et frites maison) et son chariot de desserts\",\"breadcrumb\":{\"@id\":\"https:\/\/lepouillerot.fr\/?page_id=64#breadcrumb\"},\"inLanguage\":\"fr-FR\",\"potentialAction\":[{\"@type\":\"ReadAction\",\"target\":[\"https:\/\/lepouillerot.fr\/?page_id=64\"]}]},{\"@type\":\"BreadcrumbList\",\"@id\":\"https:\/\/lepouillerot.fr\/?page_id=64#breadcrumb\",\"itemListElement\":[{\"@type\":\"ListItem\",\"position\":1,\"name\":\"Accueil\",\"item\":\"https:\/\/lepouillerot.fr\/\"},{\"@type\":\"ListItem\",\"position\":2,\"name\":\"MENU ENFANT LE DIMANCHE\"}]}]}<\/script>\n<!-- \/ Yoast SEO plugin. -->","yoast_head_json":{"title":"Menu enfant complet \u00e0 12 \u20ac le dimanche au Restaurant Le Pouillerot","description":"Un menu complet \u00e0 12 \u20ac le dimanche avec des bon produits (steak du bouch\u00e9 et frites maison) et son chariot de desserts","robots":{"index":"index","follow":"follow","max-snippet":"max-snippet:-1","max-image-preview":"max-image-preview:large","max-video-preview":"max-video-preview:-1"},"canonical":"https:\/\/lepouillerot.fr\/?page_id=64","og_locale":"fr_FR","og_type":"article","og_title":"Menu enfant complet \u00e0 12 \u20ac le dimanche au Restaurant Le Pouillerot","og_description":"Un menu complet \u00e0 12 \u20ac le dimanche avec des bon produits (steak du bouch\u00e9 et frites maison) et son chariot de desserts","og_url":"https:\/\/lepouillerot.fr\/?page_id=64","og_site_name":"Restaurant Le Pouillerot","article_modified_time":"2024-05-03T15:54:33+00:00","twitter_card":"summary_large_image","twitter_misc":{"Dur\u00e9e de lecture estim\u00e9e":"1 minute"},"schema":{"@context":"https:\/\/schema.org","@graph":[{"@type":"WebSite","@id":"https:\/\/lepouillerot.fr\/#website","url":"https:\/\/lepouillerot.fr\/","name":"Restaurant Le Pouillerot","description":"Le restaurant Le Pouillerot, d&#039;une capacit\u00e9 de 80 couverts, vous accueille \u00e0 Pouilly-l\u00e8s-Feurs","potentialAction":[{"@type":"SearchAction","target":{"@type":"EntryPoint","urlTemplate":"https:\/\/lepouillerot.fr\/?s={search_term_string}"},"query-input":"required name=search_term_string"}],"inLanguage":"fr-FR"},{"@type":"WebPage","@id":"https:\/\/lepouillerot.fr\/?page_id=64","url":"https:\/\/lepouillerot.fr\/?page_id=64","name":"Menu enfant complet \u00e0 12 \u20ac le dimanche au Restaurant Le Pouillerot","isPartOf":{"@id":"https:\/\/lepouillerot.fr\/#website"},"datePublished":"2018-02-05T15:01:09+00:00","dateModified":"2024-05-03T15:54:33+00:00","description":"Un menu complet \u00e0 12 \u20ac le dimanche avec des bon produits (steak du bouch\u00e9 et frites maison) et son chariot de desserts","breadcrumb":{"@id":"https:\/\/lepouillerot.fr\/?page_id=64#breadcrumb"},"inLanguage":"fr-FR","potentialAction":[{"@type":"ReadAction","target":["https:\/\/lepouillerot.fr\/?page_id=64"]}]},{"@type":"BreadcrumbList","@id":"https:\/\/lepouillerot.fr\/?page_id=64#breadcrumb","itemListElement":[{"@type":"ListItem","position":1,"name":"Accueil","item":"https:\/\/lepouillerot.fr\/"},{"@type":"ListItem","position":2,"name":"MENU ENFANT LE DIMANCHE"}]}]}},"_links":{"self":[{"href":"https:\/\/lepouillerot.fr\/index.php?rest_route=\/wp\/v2\/pages\/64"}],"collection":[{"href":"https:\/\/lepouillerot.fr\/index.php?rest_route=\/wp\/v2\/pages"}],"about":[{"href":"https:\/\/lepouillerot.fr\/index.php?rest_route=\/wp\/v2\/types\/page"}],"author":[{"embeddable":true,"href":"https:\/\/lepouillerot.fr\/index.php?rest_route=\/wp\/v2\/users\/1"}],"replies":[{"embeddable":true,"href":"https:\/\/lepouillerot.fr\/index.php?rest_route=%2Fwp%2Fv2%2Fcomments&post=64"}],"version-history":[{"count":7,"href":"https:\/\/lepouillerot.fr\/index.php?rest_route=\/wp\/v2\/pages\/64\/revisions"}],"predecessor-version":[{"id":1262,"href":"https:\/\/lepouillerot.fr\/index.php?rest_route=\/wp\/v2\/pages\/64\/revisions\/1262"}],"wp:attachment":[{"href":"https:\/\/lepouillerot.fr\/index.php?rest_route=%2Fwp%2Fv2%2Fmedia&parent=64"}],"curies":[{"name":"wp","href":"https:\/\/api.w.org\/{rel}","templated":true}]}}