{"id":58,"date":"2018-02-05T15:56:32","date_gmt":"2018-02-05T14:56:32","guid":{"rendered":"http:\/\/lepouillerot.fr\/?page_id=58"},"modified":"2025-10-20T16:38:14","modified_gmt":"2025-10-20T14:38:14","slug":"menu-du-dimanche-a-26-e","status":"publish","type":"page","link":"https:\/\/lepouillerot.fr\/?page_id=58","title":{"rendered":"MENU DU DIMANCHE A 31,50 \u20ac"},"content":{"rendered":"<h2 style=\"text-align: center;\"><span style=\"text-decoration: underline;\"><em><strong>DIMANCHE UNIQUEMENT 31,50 \u20ac<\/strong><\/em><\/span><\/h2>\n<p style=\"text-align: center;\">Salade du chef<\/p>\n<p style=\"text-align: center;\">(Salade\/tomate confite\/goutte de poivron\/\u0153uf\/crouton\/jambon cru et mousse de canard)\u00a0\u00a0<\/p>\n<p style=\"text-align: center;\">Ou<\/p>\n<p style=\"text-align: center;\">Terrine de gibier<\/p>\n<p style=\"text-align: center;\">Ou<br \/>La douzaine d\u2019Escargots de Bourgogne (ail\/persil)\u00a0<strong>fait maison<\/strong><\/p>\n<p style=\"text-align: center;\">\u00a0<\/p>\n<p>\u00a0<\/p>\n<p style=\"text-align: center;\">\u00a0<\/p>\n<p style=\"text-align: center;\">Fondant de B\u0153uf sauce vinaigre de cidre <strong>(sp\u00e9cialit\u00e9)<\/strong><\/p>\n<p style=\"text-align: center;\">Ou<\/p>\n<p style=\"text-align: center;\">Pav\u00e9 de merlu sauce armoricaine<\/p>\n<p style=\"text-align: center;\">Ou<\/p>\n<p style=\"text-align: center;\">Civet de cerf<\/p>\n<p style=\"text-align: center;\">Ou<\/p>\n<p style=\"text-align: center;\">Cuisse de canard confite sauce aux c\u00e8pes<\/p>\n<p style=\"text-align: center;\">\u00a0<\/p>\n<p style=\"text-align: center;\">assiette de fromages secs ou fromage blanc fermier<br \/><strong>(Produit du terroir)<\/strong><\/p>\n<p style=\"text-align: center;\">Chariot de desserts <strong>fait maison<\/strong><\/p>\n<p style=\"text-align: center;\"><span style=\"color: #000000;\"><strong style=\"color: #000000;\">Votre plat chaud sera servi avec ma sp\u00e9cialit\u00e9<br \/>le gratin de pommes de terre \u00e0 la fourme de Sauvain (Produit du terroir)<\/strong> <strong>ou nature sur demande et son flan de butternut<\/strong><b style=\"color: #000000;\">.<\/b><\/span><\/p>\n\n\n<p><\/p>\n","protected":false},"excerpt":{"rendered":"<p>DIMANCHE UNIQUEMENT 31,50 \u20ac Salade du chef (Salade\/tomate confite\/goutte de poivron\/\u0153uf\/crouton\/jambon cru et mousse de canard)\u00a0\u00a0 Ou Terrine de gibier OuLa douzaine d\u2019Escargots de Bourgogne (ail\/persil)\u00a0fait maison \u00a0 \u00a0 \u00a0 Fondant de B\u0153uf sauce vinaigre de cidre (sp\u00e9cialit\u00e9) Ou Pav\u00e9 [&hellip;]<\/p>\n","protected":false},"author":1,"featured_media":0,"parent":0,"menu_order":0,"comment_status":"closed","ping_status":"closed","template":"","meta":{"inline_featured_image":false},"yoast_head":"<!-- This site is optimized with the Yoast SEO plugin v19.4 - https:\/\/yoast.com\/wordpress\/plugins\/seo\/ -->\n<title>Menu du dimanche \u00e0 26,50 \u20ac au Restaurant Le Pouillerot<\/title>\n<meta name=\"description\" content=\"Un menu complet servi le dimanche \u00e0 26.50 \u20ac avec son chariot de fromages et de desserts\" \/>\n<meta name=\"robots\" content=\"index, follow, max-snippet:-1, max-image-preview:large, max-video-preview:-1\" \/>\n<link rel=\"canonical\" href=\"https:\/\/lepouillerot.fr\/?page_id=58\" \/>\n<meta property=\"og:locale\" content=\"fr_FR\" \/>\n<meta property=\"og:type\" content=\"article\" \/>\n<meta property=\"og:title\" content=\"Menu du dimanche \u00e0 26,50 \u20ac au Restaurant Le Pouillerot\" \/>\n<meta property=\"og:description\" content=\"Un menu complet servi le dimanche \u00e0 26.50 \u20ac avec son chariot de fromages et de desserts\" \/>\n<meta property=\"og:url\" content=\"https:\/\/lepouillerot.fr\/?page_id=58\" \/>\n<meta property=\"og:site_name\" content=\"Restaurant Le Pouillerot\" \/>\n<meta property=\"article:modified_time\" content=\"2025-10-20T14:38:14+00:00\" \/>\n<meta name=\"twitter:card\" content=\"summary_large_image\" \/>\n<meta name=\"twitter:label1\" content=\"Dur\u00e9e de lecture estim\u00e9e\" \/>\n\t<meta name=\"twitter:data1\" content=\"1 minute\" \/>\n<script type=\"application\/ld+json\" class=\"yoast-schema-graph\">{\"@context\":\"https:\/\/schema.org\",\"@graph\":[{\"@type\":\"WebSite\",\"@id\":\"https:\/\/lepouillerot.fr\/#website\",\"url\":\"https:\/\/lepouillerot.fr\/\",\"name\":\"Restaurant Le Pouillerot\",\"description\":\"Le restaurant Le Pouillerot, d&#039;une capacit\u00e9 de 80 couverts, vous accueille \u00e0 Pouilly-l\u00e8s-Feurs\",\"potentialAction\":[{\"@type\":\"SearchAction\",\"target\":{\"@type\":\"EntryPoint\",\"urlTemplate\":\"https:\/\/lepouillerot.fr\/?s={search_term_string}\"},\"query-input\":\"required name=search_term_string\"}],\"inLanguage\":\"fr-FR\"},{\"@type\":\"WebPage\",\"@id\":\"https:\/\/lepouillerot.fr\/?page_id=58\",\"url\":\"https:\/\/lepouillerot.fr\/?page_id=58\",\"name\":\"Menu du dimanche \u00e0 26,50 \u20ac au Restaurant Le Pouillerot\",\"isPartOf\":{\"@id\":\"https:\/\/lepouillerot.fr\/#website\"},\"datePublished\":\"2018-02-05T14:56:32+00:00\",\"dateModified\":\"2025-10-20T14:38:14+00:00\",\"description\":\"Un menu complet servi le dimanche \u00e0 26.50 \u20ac avec son chariot de fromages et de desserts\",\"breadcrumb\":{\"@id\":\"https:\/\/lepouillerot.fr\/?page_id=58#breadcrumb\"},\"inLanguage\":\"fr-FR\",\"potentialAction\":[{\"@type\":\"ReadAction\",\"target\":[\"https:\/\/lepouillerot.fr\/?page_id=58\"]}]},{\"@type\":\"BreadcrumbList\",\"@id\":\"https:\/\/lepouillerot.fr\/?page_id=58#breadcrumb\",\"itemListElement\":[{\"@type\":\"ListItem\",\"position\":1,\"name\":\"Accueil\",\"item\":\"https:\/\/lepouillerot.fr\/\"},{\"@type\":\"ListItem\",\"position\":2,\"name\":\"MENU DU DIMANCHE A 31,50 \u20ac\"}]}]}<\/script>\n<!-- \/ Yoast SEO plugin. -->","yoast_head_json":{"title":"Menu du dimanche \u00e0 26,50 \u20ac au Restaurant Le Pouillerot","description":"Un menu complet servi le dimanche \u00e0 26.50 \u20ac avec son chariot de fromages et de desserts","robots":{"index":"index","follow":"follow","max-snippet":"max-snippet:-1","max-image-preview":"max-image-preview:large","max-video-preview":"max-video-preview:-1"},"canonical":"https:\/\/lepouillerot.fr\/?page_id=58","og_locale":"fr_FR","og_type":"article","og_title":"Menu du dimanche \u00e0 26,50 \u20ac au Restaurant Le Pouillerot","og_description":"Un menu complet servi le dimanche \u00e0 26.50 \u20ac avec son chariot de fromages et de desserts","og_url":"https:\/\/lepouillerot.fr\/?page_id=58","og_site_name":"Restaurant Le Pouillerot","article_modified_time":"2025-10-20T14:38:14+00:00","twitter_card":"summary_large_image","twitter_misc":{"Dur\u00e9e de lecture estim\u00e9e":"1 minute"},"schema":{"@context":"https:\/\/schema.org","@graph":[{"@type":"WebSite","@id":"https:\/\/lepouillerot.fr\/#website","url":"https:\/\/lepouillerot.fr\/","name":"Restaurant Le Pouillerot","description":"Le restaurant Le Pouillerot, d&#039;une capacit\u00e9 de 80 couverts, vous accueille \u00e0 Pouilly-l\u00e8s-Feurs","potentialAction":[{"@type":"SearchAction","target":{"@type":"EntryPoint","urlTemplate":"https:\/\/lepouillerot.fr\/?s={search_term_string}"},"query-input":"required name=search_term_string"}],"inLanguage":"fr-FR"},{"@type":"WebPage","@id":"https:\/\/lepouillerot.fr\/?page_id=58","url":"https:\/\/lepouillerot.fr\/?page_id=58","name":"Menu du dimanche \u00e0 26,50 \u20ac au Restaurant Le Pouillerot","isPartOf":{"@id":"https:\/\/lepouillerot.fr\/#website"},"datePublished":"2018-02-05T14:56:32+00:00","dateModified":"2025-10-20T14:38:14+00:00","description":"Un menu complet servi le dimanche \u00e0 26.50 \u20ac avec son chariot de fromages et de desserts","breadcrumb":{"@id":"https:\/\/lepouillerot.fr\/?page_id=58#breadcrumb"},"inLanguage":"fr-FR","potentialAction":[{"@type":"ReadAction","target":["https:\/\/lepouillerot.fr\/?page_id=58"]}]},{"@type":"BreadcrumbList","@id":"https:\/\/lepouillerot.fr\/?page_id=58#breadcrumb","itemListElement":[{"@type":"ListItem","position":1,"name":"Accueil","item":"https:\/\/lepouillerot.fr\/"},{"@type":"ListItem","position":2,"name":"MENU DU DIMANCHE A 31,50 \u20ac"}]}]}},"_links":{"self":[{"href":"https:\/\/lepouillerot.fr\/index.php?rest_route=\/wp\/v2\/pages\/58"}],"collection":[{"href":"https:\/\/lepouillerot.fr\/index.php?rest_route=\/wp\/v2\/pages"}],"about":[{"href":"https:\/\/lepouillerot.fr\/index.php?rest_route=\/wp\/v2\/types\/page"}],"author":[{"embeddable":true,"href":"https:\/\/lepouillerot.fr\/index.php?rest_route=\/wp\/v2\/users\/1"}],"replies":[{"embeddable":true,"href":"https:\/\/lepouillerot.fr\/index.php?rest_route=%2Fwp%2Fv2%2Fcomments&post=58"}],"version-history":[{"count":34,"href":"https:\/\/lepouillerot.fr\/index.php?rest_route=\/wp\/v2\/pages\/58\/revisions"}],"predecessor-version":[{"id":1347,"href":"https:\/\/lepouillerot.fr\/index.php?rest_route=\/wp\/v2\/pages\/58\/revisions\/1347"}],"wp:attachment":[{"href":"https:\/\/lepouillerot.fr\/index.php?rest_route=%2Fwp%2Fv2%2Fmedia&parent=58"}],"curies":[{"name":"wp","href":"https:\/\/api.w.org\/{rel}","templated":true}]}}