{"id":55,"date":"2018-02-05T17:19:07","date_gmt":"2018-02-05T16:19:07","guid":{"rendered":"http:\/\/lepouillerot.fr\/?page_id=55"},"modified":"2025-10-20T16:30:19","modified_gmt":"2025-10-20T14:30:19","slug":"menu-a-3150-e","status":"publish","type":"page","link":"https:\/\/lepouillerot.fr\/?page_id=55","title":{"rendered":"MENU A 38,50 \u20ac"},"content":{"rendered":"<h2 style=\"text-align: center;\"><span style=\"text-decoration: underline;\"><em><strong>MENU A 38,50 \u20ac<\/strong><\/em><\/span><\/h2>\n<h2 style=\"text-align: center;\"><span style=\"text-decoration: underline;\"><em>(sur r\u00e9servation le midi en semaine)<\/em><\/span><\/h2>\n<p style=\"text-align: center;\">Terrine de foie gras de canard maison \u00e0 la figue <strong>(fait maison)<\/strong><br \/>\nOu<br \/>\nAssiette de saumon fum\u00e9 <strong>(fait maison)<\/strong><\/p>\n<p style=\"text-align: center;\">Fondant de b\u0153uf sauce vinaigre de cidre\u00a0(sp\u00e9cialit\u00e9)<br \/>\nOu<\/p>\n<p style=\"text-align: center;\">Pav\u00e9 de merlu sauce armoricaine<\/p>\n<p style=\"text-align: center;\">Ou<\/p>\n<p style=\"text-align: center;\">Civet de cerf<\/p>\n<p style=\"text-align: center;\">\n<p style=\"text-align: center;\">Garni avec son flan de butternut et son<br \/>\nGratin \u00e0 la fourme de Sauvain <strong>(Produit du terroir)<\/strong> (sp\u00e9cialit\u00e9) ou nature sur demande<\/p>\n<p style=\"text-align: center;\">Fromage sec ou Fromage blanc fermier<br \/>\n<strong>(Produit du terroir)<\/strong><\/p>\n<p style=\"text-align: center;\">Assiette gourmande fait-maison<\/p>\n","protected":false},"excerpt":{"rendered":"<p>MENU A 38,50 \u20ac (sur r\u00e9servation le midi en semaine) Terrine de foie gras de canard maison \u00e0 la figue (fait maison) Ou Assiette de saumon fum\u00e9 (fait maison) Fondant de b\u0153uf sauce vinaigre de cidre\u00a0(sp\u00e9cialit\u00e9) Ou Pav\u00e9 de merlu [&hellip;]<\/p>\n","protected":false},"author":1,"featured_media":0,"parent":0,"menu_order":0,"comment_status":"closed","ping_status":"closed","template":"","meta":{"inline_featured_image":false},"yoast_head":"<!-- This site is optimized with the Yoast SEO plugin v19.4 - https:\/\/yoast.com\/wordpress\/plugins\/seo\/ -->\n<title>Menu \u00e0 32 \u20ac tous les jours sauf le dimanche au restaurant Le Pouillerot<\/title>\n<meta name=\"description\" content=\"Un menu complet \u00e0 32 \u20ac avec son incontournable terrine de foie gras \u00e0 la figue et sa sp\u00e9cialit\u00e9 le Gratin de pomme de terre \u00e0 la Fourme de Sauvain\" \/>\n<meta name=\"robots\" content=\"index, follow, max-snippet:-1, max-image-preview:large, max-video-preview:-1\" \/>\n<link rel=\"canonical\" href=\"https:\/\/lepouillerot.fr\/?page_id=55\" \/>\n<meta property=\"og:locale\" content=\"fr_FR\" \/>\n<meta property=\"og:type\" content=\"article\" \/>\n<meta property=\"og:title\" content=\"Menu \u00e0 32 \u20ac tous les jours sauf le dimanche au restaurant Le Pouillerot\" \/>\n<meta property=\"og:description\" content=\"Un menu complet \u00e0 32 \u20ac avec son incontournable terrine de foie gras \u00e0 la figue et sa sp\u00e9cialit\u00e9 le Gratin de pomme de terre \u00e0 la Fourme de Sauvain\" \/>\n<meta property=\"og:url\" content=\"https:\/\/lepouillerot.fr\/?page_id=55\" \/>\n<meta property=\"og:site_name\" content=\"Restaurant Le Pouillerot\" \/>\n<meta property=\"article:modified_time\" content=\"2025-10-20T14:30:19+00:00\" \/>\n<meta name=\"twitter:card\" content=\"summary_large_image\" \/>\n<meta name=\"twitter:label1\" content=\"Dur\u00e9e de lecture estim\u00e9e\" \/>\n\t<meta name=\"twitter:data1\" content=\"1 minute\" \/>\n<script type=\"application\/ld+json\" class=\"yoast-schema-graph\">{\"@context\":\"https:\/\/schema.org\",\"@graph\":[{\"@type\":\"WebSite\",\"@id\":\"https:\/\/lepouillerot.fr\/#website\",\"url\":\"https:\/\/lepouillerot.fr\/\",\"name\":\"Restaurant Le Pouillerot\",\"description\":\"Le restaurant Le Pouillerot, d&#039;une capacit\u00e9 de 80 couverts, vous accueille \u00e0 Pouilly-l\u00e8s-Feurs\",\"potentialAction\":[{\"@type\":\"SearchAction\",\"target\":{\"@type\":\"EntryPoint\",\"urlTemplate\":\"https:\/\/lepouillerot.fr\/?s={search_term_string}\"},\"query-input\":\"required name=search_term_string\"}],\"inLanguage\":\"fr-FR\"},{\"@type\":\"WebPage\",\"@id\":\"https:\/\/lepouillerot.fr\/?page_id=55\",\"url\":\"https:\/\/lepouillerot.fr\/?page_id=55\",\"name\":\"Menu \u00e0 32 \u20ac tous les jours sauf le dimanche au restaurant Le Pouillerot\",\"isPartOf\":{\"@id\":\"https:\/\/lepouillerot.fr\/#website\"},\"datePublished\":\"2018-02-05T16:19:07+00:00\",\"dateModified\":\"2025-10-20T14:30:19+00:00\",\"description\":\"Un menu complet \u00e0 32 \u20ac avec son incontournable terrine de foie gras \u00e0 la figue et sa sp\u00e9cialit\u00e9 le Gratin de pomme de terre \u00e0 la Fourme de Sauvain\",\"breadcrumb\":{\"@id\":\"https:\/\/lepouillerot.fr\/?page_id=55#breadcrumb\"},\"inLanguage\":\"fr-FR\",\"potentialAction\":[{\"@type\":\"ReadAction\",\"target\":[\"https:\/\/lepouillerot.fr\/?page_id=55\"]}]},{\"@type\":\"BreadcrumbList\",\"@id\":\"https:\/\/lepouillerot.fr\/?page_id=55#breadcrumb\",\"itemListElement\":[{\"@type\":\"ListItem\",\"position\":1,\"name\":\"Accueil\",\"item\":\"https:\/\/lepouillerot.fr\/\"},{\"@type\":\"ListItem\",\"position\":2,\"name\":\"MENU A 38,50 \u20ac\"}]}]}<\/script>\n<!-- \/ Yoast SEO plugin. -->","yoast_head_json":{"title":"Menu \u00e0 32 \u20ac tous les jours sauf le dimanche au restaurant Le Pouillerot","description":"Un menu complet \u00e0 32 \u20ac avec son incontournable terrine de foie gras \u00e0 la figue et sa sp\u00e9cialit\u00e9 le Gratin de pomme de terre \u00e0 la Fourme de Sauvain","robots":{"index":"index","follow":"follow","max-snippet":"max-snippet:-1","max-image-preview":"max-image-preview:large","max-video-preview":"max-video-preview:-1"},"canonical":"https:\/\/lepouillerot.fr\/?page_id=55","og_locale":"fr_FR","og_type":"article","og_title":"Menu \u00e0 32 \u20ac tous les jours sauf le dimanche au restaurant Le Pouillerot","og_description":"Un menu complet \u00e0 32 \u20ac avec son incontournable terrine de foie gras \u00e0 la figue et sa sp\u00e9cialit\u00e9 le Gratin de pomme de terre \u00e0 la Fourme de Sauvain","og_url":"https:\/\/lepouillerot.fr\/?page_id=55","og_site_name":"Restaurant Le Pouillerot","article_modified_time":"2025-10-20T14:30:19+00:00","twitter_card":"summary_large_image","twitter_misc":{"Dur\u00e9e de lecture estim\u00e9e":"1 minute"},"schema":{"@context":"https:\/\/schema.org","@graph":[{"@type":"WebSite","@id":"https:\/\/lepouillerot.fr\/#website","url":"https:\/\/lepouillerot.fr\/","name":"Restaurant Le Pouillerot","description":"Le restaurant Le Pouillerot, d&#039;une capacit\u00e9 de 80 couverts, vous accueille \u00e0 Pouilly-l\u00e8s-Feurs","potentialAction":[{"@type":"SearchAction","target":{"@type":"EntryPoint","urlTemplate":"https:\/\/lepouillerot.fr\/?s={search_term_string}"},"query-input":"required name=search_term_string"}],"inLanguage":"fr-FR"},{"@type":"WebPage","@id":"https:\/\/lepouillerot.fr\/?page_id=55","url":"https:\/\/lepouillerot.fr\/?page_id=55","name":"Menu \u00e0 32 \u20ac tous les jours sauf le dimanche au restaurant Le Pouillerot","isPartOf":{"@id":"https:\/\/lepouillerot.fr\/#website"},"datePublished":"2018-02-05T16:19:07+00:00","dateModified":"2025-10-20T14:30:19+00:00","description":"Un menu complet \u00e0 32 \u20ac avec son incontournable terrine de foie gras \u00e0 la figue et sa sp\u00e9cialit\u00e9 le Gratin de pomme de terre \u00e0 la Fourme de Sauvain","breadcrumb":{"@id":"https:\/\/lepouillerot.fr\/?page_id=55#breadcrumb"},"inLanguage":"fr-FR","potentialAction":[{"@type":"ReadAction","target":["https:\/\/lepouillerot.fr\/?page_id=55"]}]},{"@type":"BreadcrumbList","@id":"https:\/\/lepouillerot.fr\/?page_id=55#breadcrumb","itemListElement":[{"@type":"ListItem","position":1,"name":"Accueil","item":"https:\/\/lepouillerot.fr\/"},{"@type":"ListItem","position":2,"name":"MENU A 38,50 \u20ac"}]}]}},"_links":{"self":[{"href":"https:\/\/lepouillerot.fr\/index.php?rest_route=\/wp\/v2\/pages\/55"}],"collection":[{"href":"https:\/\/lepouillerot.fr\/index.php?rest_route=\/wp\/v2\/pages"}],"about":[{"href":"https:\/\/lepouillerot.fr\/index.php?rest_route=\/wp\/v2\/types\/page"}],"author":[{"embeddable":true,"href":"https:\/\/lepouillerot.fr\/index.php?rest_route=\/wp\/v2\/users\/1"}],"replies":[{"embeddable":true,"href":"https:\/\/lepouillerot.fr\/index.php?rest_route=%2Fwp%2Fv2%2Fcomments&post=55"}],"version-history":[{"count":34,"href":"https:\/\/lepouillerot.fr\/index.php?rest_route=\/wp\/v2\/pages\/55\/revisions"}],"predecessor-version":[{"id":1343,"href":"https:\/\/lepouillerot.fr\/index.php?rest_route=\/wp\/v2\/pages\/55\/revisions\/1343"}],"wp:attachment":[{"href":"https:\/\/lepouillerot.fr\/index.php?rest_route=%2Fwp%2Fv2%2Fmedia&parent=55"}],"curies":[{"name":"wp","href":"https:\/\/api.w.org\/{rel}","templated":true}]}}