{"id":544,"date":"2016-02-19T08:59:29","date_gmt":"2016-02-19T08:59:29","guid":{"rendered":"http:\/\/c013b2c9.ngrok.io\/royalPlate\/?page_id=5"},"modified":"2021-08-12T19:25:38","modified_gmt":"2021-08-12T17:25:38","slug":"accueil","status":"publish","type":"page","link":"https:\/\/lepouillerot.fr\/","title":{"rendered":"Home Page"},"content":{"rendered":"<section class='page-content' style=''  ><section class='container'><div class='row' style=''><div class='col-md-12 custom-background image-background' style='background-image: url();' ><div class=\"cma-wp-widget widget widget_master-slider-main-widget cma_master-slider-main-widget\" id=\"cma-widget-MSP_Main_Widget-1\"><h3 class=\"widget-title\">Animation 1<\/h3>\n\t\t<!-- MasterSlider -->\n\t\t<div id=\"P_MS69dab39d4f010\" class=\"master-slider-parent ms-gallery-template ms-parent-id-2\"  >\n\n\t\t\t\n\t\t\t<!-- MasterSlider Main -->\n\t\t\t<div id=\"MS69dab39d4f010\" class=\"master-slider ms-skin-black-2 round-skin\" >\n\t\t\t\t \t\t\t\t \n\t\t\t<div  class=\"ms-slide\" data-delay=\"3\" data-fill-mode=\"fill\"   >\n\t\t\t\t\t<img src=\"https:\/\/lepouillerot.fr\/wp-content\/plugins\/masterslider\/public\/assets\/css\/blank.gif\" alt=\"gratin de pommes de terre\" title=\"gratin de pommes de terre\" data-src=\"https:\/\/lepouillerot.fr\/wp-content\/uploads\/2018\/02\/potato-casserole-2848605_1920-1000x500.jpg\" \/>\n\n\t\t\t\t\t<div class=\"ms-info ms-info-empty\">&nbsp;<\/div>\n\n\n\t<img class=\"ms-thumb\" src=\"https:\/\/lepouillerot.fr\/wp-content\/uploads\/2018\/02\/potato-casserole-2848605_1920-175x140.jpg\" alt=\"gratin de pommes de terre\" \/>\n\t\t\t\t<\/div>\n\t\t\t<div  class=\"ms-slide\" data-delay=\"3\" data-fill-mode=\"fill\"   >\n\t\t\t\t\t<img src=\"https:\/\/lepouillerot.fr\/wp-content\/plugins\/masterslider\/public\/assets\/css\/blank.gif\" alt=\"salle restaurant\" title=\"salle restaurant\" data-src=\"https:\/\/lepouillerot.fr\/wp-content\/uploads\/2018\/02\/IMG_3520-1000x500.jpg\" \/>\n\n\t\t\t\t\t<div class=\"ms-info ms-info-empty\">&nbsp;<\/div>\n\n\n\t<img class=\"ms-thumb\" src=\"https:\/\/lepouillerot.fr\/wp-content\/uploads\/2018\/02\/IMG_3520-175x140.jpg\" alt=\"salle restaurant\" \/>\n\t\t\t\t<\/div>\n\t\t\t<div  class=\"ms-slide\" data-delay=\"3\" data-fill-mode=\"fill\"   >\n\t\t\t\t\t<img src=\"https:\/\/lepouillerot.fr\/wp-content\/plugins\/masterslider\/public\/assets\/css\/blank.gif\" alt=\"salle restaurant\" title=\"salle restaurant\" data-src=\"https:\/\/lepouillerot.fr\/wp-content\/uploads\/2018\/02\/IMG_3521-1000x500.jpg\" \/>\n\n\t\t\t\t\t<div class=\"ms-info ms-info-empty\">&nbsp;<\/div>\n\n\n\t<img class=\"ms-thumb\" src=\"https:\/\/lepouillerot.fr\/wp-content\/uploads\/2018\/02\/IMG_3521-175x140.jpg\" alt=\"salle restaurant\" \/>\n\t\t\t\t<\/div>\n\t\t\t<div  class=\"ms-slide\" data-delay=\"3\" data-fill-mode=\"fill\"   >\n\t\t\t\t\t<img src=\"https:\/\/lepouillerot.fr\/wp-content\/plugins\/masterslider\/public\/assets\/css\/blank.gif\" alt=\"\" title=\"IMG_3525\" data-src=\"https:\/\/lepouillerot.fr\/wp-content\/uploads\/2018\/02\/IMG_3525-1000x500.jpg\" \/>\n\n\t\t\t\t\t<div class=\"ms-info ms-info-empty\">&nbsp;<\/div>\n\n\n\t<img class=\"ms-thumb\" src=\"https:\/\/lepouillerot.fr\/wp-content\/uploads\/2018\/02\/IMG_3525-175x140.jpg\" alt=\"\" \/>\n\t\t\t\t<\/div>\n\t\t\t<div  class=\"ms-slide\" data-delay=\"3\" data-fill-mode=\"fill\"   >\n\t\t\t\t\t<img src=\"https:\/\/lepouillerot.fr\/wp-content\/plugins\/masterslider\/public\/assets\/css\/blank.gif\" alt=\"\" title=\"IMG_3526\" data-src=\"https:\/\/lepouillerot.fr\/wp-content\/uploads\/2018\/02\/IMG_3526-1000x500.jpg\" \/>\n\n\t\t\t\t\t<div class=\"ms-info ms-info-empty\">&nbsp;<\/div>\n\n\n\t<img class=\"ms-thumb\" src=\"https:\/\/lepouillerot.fr\/wp-content\/uploads\/2018\/02\/IMG_3526-175x140.jpg\" alt=\"\" \/>\n\t\t\t\t<\/div>\n\t\t\t<div  class=\"ms-slide\" data-delay=\"3\" data-fill-mode=\"fill\"   >\n\t\t\t\t\t<img src=\"https:\/\/lepouillerot.fr\/wp-content\/plugins\/masterslider\/public\/assets\/css\/blank.gif\" alt=\"TERRASSE\" title=\"TERRASSE\" data-src=\"https:\/\/lepouillerot.fr\/wp-content\/uploads\/2018\/02\/IMG_1272-1000x500.jpg\" \/>\n\n\t\t\t\t\t<div class=\"ms-info ms-info-empty\">&nbsp;<\/div>\n\n\n\t<img class=\"ms-thumb\" src=\"https:\/\/lepouillerot.fr\/wp-content\/uploads\/2018\/02\/IMG_1272-175x140.jpg\" alt=\"TERRASSE\" \/>\n\t\t\t\t<\/div>\n\t\t\t<div  class=\"ms-slide\" data-delay=\"3\" data-fill-mode=\"fill\"   >\n\t\t\t\t\t<img src=\"https:\/\/lepouillerot.fr\/wp-content\/plugins\/masterslider\/public\/assets\/css\/blank.gif\" alt=\"SALADE SAINT MARCELLIN\" title=\"SALADE SAINT MARCELLIN\" data-src=\"https:\/\/lepouillerot.fr\/wp-content\/uploads\/2018\/02\/IMG_2430-1000x500.jpg\" \/>\n\n\t\t\t\t\t<div class=\"ms-info ms-info-empty\">&nbsp;<\/div>\n\n\n\t<img class=\"ms-thumb\" src=\"https:\/\/lepouillerot.fr\/wp-content\/uploads\/2018\/02\/IMG_2430-175x140.jpg\" alt=\"SALADE SAINT MARCELLIN\" \/>\n\t\t\t\t<\/div>\n\t\t\t<div  class=\"ms-slide\" data-delay=\"3\" data-fill-mode=\"fill\"   >\n\t\t\t\t\t<img src=\"https:\/\/lepouillerot.fr\/wp-content\/plugins\/masterslider\/public\/assets\/css\/blank.gif\" alt=\"ESCARGOTS PERSILLES\" title=\"ESCARGOTS PERSILLES\" data-src=\"https:\/\/lepouillerot.fr\/wp-content\/uploads\/2018\/02\/IMG_2435-1000x500.jpg\" \/>\n\n\t\t\t\t\t<div class=\"ms-info ms-info-empty\">&nbsp;<\/div>\n\n\n\t<img class=\"ms-thumb\" src=\"https:\/\/lepouillerot.fr\/wp-content\/uploads\/2018\/02\/IMG_2435-175x140.jpg\" alt=\"ESCARGOTS PERSILLES\" \/>\n\t\t\t\t<\/div>\n\t\t\t<div  class=\"ms-slide\" data-delay=\"3\" data-fill-mode=\"fill\"   >\n\t\t\t\t\t<img src=\"https:\/\/lepouillerot.fr\/wp-content\/plugins\/masterslider\/public\/assets\/css\/blank.gif\" alt=\"SALADE LANDAISE\" title=\"SALADE LANDAISE\" data-src=\"https:\/\/lepouillerot.fr\/wp-content\/uploads\/2018\/02\/IMG_2429-1000x500.jpg\" \/>\n\n\t\t\t\t\t<div class=\"ms-info ms-info-empty\">&nbsp;<\/div>\n\n\n\t<img class=\"ms-thumb\" src=\"https:\/\/lepouillerot.fr\/wp-content\/uploads\/2018\/02\/IMG_2429-175x140.jpg\" alt=\"SALADE LANDAISE\" \/>\n\t\t\t\t<\/div>\n\t\t\t<div  class=\"ms-slide\" data-delay=\"3\" data-fill-mode=\"fill\"   >\n\t\t\t\t\t<img src=\"https:\/\/lepouillerot.fr\/wp-content\/plugins\/masterslider\/public\/assets\/css\/blank.gif\" alt=\"ASSIETTE DE CHARCUTERIE\" title=\"ASSIETTE DE CHARCUTERIE\" data-src=\"https:\/\/lepouillerot.fr\/wp-content\/uploads\/2018\/02\/IMG_2428-1000x500.jpg\" \/>\n\n\t\t\t\t\t<div class=\"ms-info ms-info-empty\">&nbsp;<\/div>\n\n\n\t<img class=\"ms-thumb\" src=\"https:\/\/lepouillerot.fr\/wp-content\/uploads\/2018\/02\/IMG_2428-175x140.jpg\" alt=\"ASSIETTE DE CHARCUTERIE\" \/>\n\t\t\t\t<\/div>\n\t\t\t<div  class=\"ms-slide\" data-delay=\"3\" data-fill-mode=\"fill\"   >\n\t\t\t\t\t<img src=\"https:\/\/lepouillerot.fr\/wp-content\/plugins\/masterslider\/public\/assets\/css\/blank.gif\" alt=\"SALADE RUSTIQUE\" title=\"SALADE RUSTIQUE\" data-src=\"https:\/\/lepouillerot.fr\/wp-content\/uploads\/2018\/02\/IMG_2437-1000x500.jpg\" \/>\n\n\t\t\t\t\t<div class=\"ms-info ms-info-empty\">&nbsp;<\/div>\n\n\n\t<img class=\"ms-thumb\" src=\"https:\/\/lepouillerot.fr\/wp-content\/uploads\/2018\/02\/IMG_2437-175x140.jpg\" alt=\"SALADE RUSTIQUE\" \/>\n\t\t\t\t<\/div>\n\t\t\t<div  class=\"ms-slide\" data-delay=\"3\" data-fill-mode=\"fill\"   >\n\t\t\t\t\t<img src=\"https:\/\/lepouillerot.fr\/wp-content\/plugins\/masterslider\/public\/assets\/css\/blank.gif\" alt=\"FONDANT DE B\u0152UF SAUCE VINAIGRE DE CIDRE\" title=\"FONDANT DE B\u0152UF SAUCE VINAIGRE DE CIDRE\" data-src=\"https:\/\/lepouillerot.fr\/wp-content\/uploads\/2018\/02\/IMG_2443-1000x500.jpg\" \/>\n\n\t\t\t\t\t<div class=\"ms-info ms-info-empty\">&nbsp;<\/div>\n\n\n\t<img class=\"ms-thumb\" src=\"https:\/\/lepouillerot.fr\/wp-content\/uploads\/2018\/02\/IMG_2443-175x140.jpg\" alt=\"FONDANT DE B\u0152UF SAUCE VINAIGRE DE CIDRE\" \/>\n\t\t\t\t<\/div>\n\n\t\t\t<\/div>\n\t\t\t<!-- END MasterSlider Main -->\n\n\t\t\t \n\t\t<\/div>\n\t\t<!-- END MasterSlider -->\n\n\t\t<script>\n\t\t( window.MSReady = window.MSReady || [] ).push( function( $ ) {\n\n\t\t\t\"use strict\";\n\t\t\tvar masterslider_f010 = new MasterSlider();\n\n\t\t\t\/\/ slider controls\n\t\t\tmasterslider_f010.control('arrows'     ,{ autohide:true, overVideo:true  });\n\t\t\t\/\/ slider setup\n\t\t\tmasterslider_f010.setup(\"MS69dab39d4f010\", {\n\t\t\t\twidth           : 1000,\n\t\t\t\theight          : 500,\n\t\t\t\tminHeight       : 0,\n\t\t\t\tspace           : 0,\n\t\t\t\tstart           : 1,\n\t\t\t\tgrabCursor      : true,\n\t\t\t\tswipe           : true,\n\t\t\t\tmouse           : true,\n\t\t\t\tkeyboard        : false,\n\t\t\t\tlayout          : \"fullscreen\",\n\t\t\t\twheel           : false,\n\t\t\t\tautoplay        : true,\n                instantStartLayers:false,\n\t\t\t\tmobileBGVideo:false,\n\t\t\t\tloop            : true,\n\t\t\t\tshuffle         : false,\n\t\t\t\tpreload         : 0,\n\t\t\t\theightLimit     : true,\n\t\t\t\tautoHeight      : false,\n\t\t\t\tsmoothHeight    : true,\n\t\t\t\tendPause        : false,\n\t\t\t\toverPause       : true,\n\t\t\t\tfillMode        : \"fill\",\n\t\t\t\tcenterControls  : true,\n\t\t\t\tstartOnAppear   : false,\n\t\t\t\tlayersMode      : \"center\",\n\t\t\t\tautofillTarget  : \"\",\n\t\t\t\thideLayers      : false,\n\t\t\t\tfullscreenMargin: 0,\n\t\t\t\tspeed           : 50,\n\t\t\t\tdir             : \"h\",\n\t\t\t\tparallaxMode    : 'swipe',\n\t\t\t\tview            : \"basic\"\n\t\t\t});\n\n\t\t\tnew MSGallery( 'P_MS69dab39d4f010' , masterslider_f010).setup();\n\t\t\twindow.masterslider_instances = window.masterslider_instances || [];\n\t\t\twindow.masterslider_instances.push( masterslider_f010 );\n\t\t});\n\t\t<\/script>\n\n<\/div><\/div><\/div><\/section><\/section>\n\n\n<div class=\"wp-block-group\"><div class=\"wp-block-group__inner-container\">\n<div class=\"wp-block-columns\">\n<div class=\"wp-block-column\" style=\"flex-basis:100%\">\n<p class=\"has-large-font-size\"><strong><span class=\"has-inline-color has-vivid-green-cyan-color\">Venez nous d\u00e9couvrir<\/span><\/strong><\/p>\n<\/div>\n<\/div>\n<\/div><\/div>\n\n\n\n<h1 class=\"has-large-font-size\"><strong><em>Restaurant traditionnel \u00e0 Pouilly les Feurs avec une cuisine soign\u00e9e et g\u00e9n\u00e9reuse, un service avec le sourire et professionnel.<\/em><\/strong><\/h1>\n\n\n\n<p style=\"font-size:28px\"><\/p>\n","protected":false},"excerpt":{"rendered":"<p>Venez nous d\u00e9couvrir Restaurant traditionnel \u00e0 Pouilly les Feurs avec une cuisine soign\u00e9e et g\u00e9n\u00e9reuse, un service avec le sourire et professionnel.<\/p>\n","protected":false},"author":2,"featured_media":0,"parent":0,"menu_order":0,"comment_status":"closed","ping_status":"closed","template":"frontpage.php","meta":{"inline_featured_image":false},"yoast_head":"<!-- This site is optimized with the Yoast SEO plugin v19.4 - https:\/\/yoast.com\/wordpress\/plugins\/seo\/ -->\n<title>Le Pouillerot Restaurant traditionnel \u00e0 Pouilly les Feurs (Loire 42)<\/title>\n<meta name=\"description\" content=\"Le Restaurant le Pouillerot, tenu par le chef cuisinier Franck Grivot, vous accueille \u00e0 Pouilly l\u00e8s Feurs, dans une ambiance chaleureuse et conviviale.\" \/>\n<meta name=\"robots\" content=\"index, follow, max-snippet:-1, max-image-preview:large, max-video-preview:-1\" \/>\n<link rel=\"canonical\" href=\"https:\/\/lepouillerot.fr\/\" \/>\n<meta property=\"og:locale\" content=\"fr_FR\" \/>\n<meta property=\"og:type\" content=\"article\" \/>\n<meta property=\"og:title\" content=\"Le Pouillerot Restaurant traditionnel \u00e0 Pouilly les Feurs (Loire 42)\" \/>\n<meta property=\"og:description\" content=\"Le Restaurant le Pouillerot, tenu par le chef cuisinier Franck Grivot, vous accueille \u00e0 Pouilly l\u00e8s Feurs, dans une ambiance chaleureuse et conviviale.\" \/>\n<meta property=\"og:url\" content=\"https:\/\/lepouillerot.fr\/\" \/>\n<meta property=\"og:site_name\" content=\"Restaurant Le Pouillerot\" \/>\n<meta property=\"article:modified_time\" content=\"2021-08-12T17:25:38+00:00\" \/>\n<meta name=\"twitter:card\" content=\"summary_large_image\" \/>\n<meta name=\"twitter:label1\" content=\"Dur\u00e9e de lecture estim\u00e9e\" \/>\n\t<meta name=\"twitter:data1\" content=\"1 minute\" \/>\n<script type=\"application\/ld+json\" class=\"yoast-schema-graph\">{\"@context\":\"https:\/\/schema.org\",\"@graph\":[{\"@type\":\"WebSite\",\"@id\":\"https:\/\/lepouillerot.fr\/#website\",\"url\":\"https:\/\/lepouillerot.fr\/\",\"name\":\"Restaurant Le Pouillerot\",\"description\":\"Le restaurant Le Pouillerot, d&#039;une capacit\u00e9 de 80 couverts, vous accueille \u00e0 Pouilly-l\u00e8s-Feurs\",\"potentialAction\":[{\"@type\":\"SearchAction\",\"target\":{\"@type\":\"EntryPoint\",\"urlTemplate\":\"https:\/\/lepouillerot.fr\/?s={search_term_string}\"},\"query-input\":\"required name=search_term_string\"}],\"inLanguage\":\"fr-FR\"},{\"@type\":\"WebPage\",\"@id\":\"https:\/\/lepouillerot.fr\/\",\"url\":\"https:\/\/lepouillerot.fr\/\",\"name\":\"Le Pouillerot Restaurant traditionnel \u00e0 Pouilly les Feurs (Loire 42)\",\"isPartOf\":{\"@id\":\"https:\/\/lepouillerot.fr\/#website\"},\"datePublished\":\"2016-02-19T08:59:29+00:00\",\"dateModified\":\"2021-08-12T17:25:38+00:00\",\"description\":\"Le Restaurant le Pouillerot, tenu par le chef cuisinier Franck Grivot, vous accueille \u00e0 Pouilly l\u00e8s Feurs, dans une ambiance chaleureuse et conviviale.\",\"breadcrumb\":{\"@id\":\"https:\/\/lepouillerot.fr\/#breadcrumb\"},\"inLanguage\":\"fr-FR\",\"potentialAction\":[{\"@type\":\"ReadAction\",\"target\":[\"https:\/\/lepouillerot.fr\/\"]}]},{\"@type\":\"BreadcrumbList\",\"@id\":\"https:\/\/lepouillerot.fr\/#breadcrumb\",\"itemListElement\":[{\"@type\":\"ListItem\",\"position\":1,\"name\":\"Accueil\",\"item\":\"https:\/\/lepouillerot.fr\/\"},{\"@type\":\"ListItem\",\"position\":2,\"name\":\"Home Page\"}]}]}<\/script>\n<!-- \/ Yoast SEO plugin. -->","yoast_head_json":{"title":"Le Pouillerot Restaurant traditionnel \u00e0 Pouilly les Feurs (Loire 42)","description":"Le Restaurant le Pouillerot, tenu par le chef cuisinier Franck Grivot, vous accueille \u00e0 Pouilly l\u00e8s Feurs, dans une ambiance chaleureuse et conviviale.","robots":{"index":"index","follow":"follow","max-snippet":"max-snippet:-1","max-image-preview":"max-image-preview:large","max-video-preview":"max-video-preview:-1"},"canonical":"https:\/\/lepouillerot.fr\/","og_locale":"fr_FR","og_type":"article","og_title":"Le Pouillerot Restaurant traditionnel \u00e0 Pouilly les Feurs (Loire 42)","og_description":"Le Restaurant le Pouillerot, tenu par le chef cuisinier Franck Grivot, vous accueille \u00e0 Pouilly l\u00e8s Feurs, dans une ambiance chaleureuse et conviviale.","og_url":"https:\/\/lepouillerot.fr\/","og_site_name":"Restaurant Le Pouillerot","article_modified_time":"2021-08-12T17:25:38+00:00","twitter_card":"summary_large_image","twitter_misc":{"Dur\u00e9e de lecture estim\u00e9e":"1 minute"},"schema":{"@context":"https:\/\/schema.org","@graph":[{"@type":"WebSite","@id":"https:\/\/lepouillerot.fr\/#website","url":"https:\/\/lepouillerot.fr\/","name":"Restaurant Le Pouillerot","description":"Le restaurant Le Pouillerot, d&#039;une capacit\u00e9 de 80 couverts, vous accueille \u00e0 Pouilly-l\u00e8s-Feurs","potentialAction":[{"@type":"SearchAction","target":{"@type":"EntryPoint","urlTemplate":"https:\/\/lepouillerot.fr\/?s={search_term_string}"},"query-input":"required name=search_term_string"}],"inLanguage":"fr-FR"},{"@type":"WebPage","@id":"https:\/\/lepouillerot.fr\/","url":"https:\/\/lepouillerot.fr\/","name":"Le Pouillerot Restaurant traditionnel \u00e0 Pouilly les Feurs (Loire 42)","isPartOf":{"@id":"https:\/\/lepouillerot.fr\/#website"},"datePublished":"2016-02-19T08:59:29+00:00","dateModified":"2021-08-12T17:25:38+00:00","description":"Le Restaurant le Pouillerot, tenu par le chef cuisinier Franck Grivot, vous accueille \u00e0 Pouilly l\u00e8s Feurs, dans une ambiance chaleureuse et conviviale.","breadcrumb":{"@id":"https:\/\/lepouillerot.fr\/#breadcrumb"},"inLanguage":"fr-FR","potentialAction":[{"@type":"ReadAction","target":["https:\/\/lepouillerot.fr\/"]}]},{"@type":"BreadcrumbList","@id":"https:\/\/lepouillerot.fr\/#breadcrumb","itemListElement":[{"@type":"ListItem","position":1,"name":"Accueil","item":"https:\/\/lepouillerot.fr\/"},{"@type":"ListItem","position":2,"name":"Home Page"}]}]}},"_links":{"self":[{"href":"https:\/\/lepouillerot.fr\/index.php?rest_route=\/wp\/v2\/pages\/544"}],"collection":[{"href":"https:\/\/lepouillerot.fr\/index.php?rest_route=\/wp\/v2\/pages"}],"about":[{"href":"https:\/\/lepouillerot.fr\/index.php?rest_route=\/wp\/v2\/types\/page"}],"author":[{"embeddable":true,"href":"https:\/\/lepouillerot.fr\/index.php?rest_route=\/wp\/v2\/users\/2"}],"replies":[{"embeddable":true,"href":"https:\/\/lepouillerot.fr\/index.php?rest_route=%2Fwp%2Fv2%2Fcomments&post=544"}],"version-history":[{"count":17,"href":"https:\/\/lepouillerot.fr\/index.php?rest_route=\/wp\/v2\/pages\/544\/revisions"}],"predecessor-version":[{"id":1058,"href":"https:\/\/lepouillerot.fr\/index.php?rest_route=\/wp\/v2\/pages\/544\/revisions\/1058"}],"wp:attachment":[{"href":"https:\/\/lepouillerot.fr\/index.php?rest_route=%2Fwp%2Fv2%2Fmedia&parent=544"}],"curies":[{"name":"wp","href":"https:\/\/api.w.org\/{rel}","templated":true}]}}