{"id":49,"date":"2018-02-05T17:22:26","date_gmt":"2018-02-05T16:22:26","guid":{"rendered":"http:\/\/lepouillerot.fr\/?page_id=49"},"modified":"2025-10-20T16:24:34","modified_gmt":"2025-10-20T14:24:34","slug":"menu-grenouilles","status":"publish","type":"page","link":"https:\/\/lepouillerot.fr\/?page_id=49","title":{"rendered":"MENU GRENOUILLES"},"content":{"rendered":"<h2 style=\"text-align: center;\"><span style=\"text-decoration: underline;\"><em><strong>MENU GRENOUILLES 29,50 \u20ac<\/strong><\/em><\/span><\/h2>\n<p style=\"text-align: center;\"><span style=\"color: #000000;\"><strong>Servi tous les jours sauf dimanche et jour f\u00e9ri\u00e9 <\/strong><\/span><\/p>\n<p style=\"text-align: center;\"><span style=\"color: #ff0000;\"><strong>Que sur r\u00e9servation !<\/strong><\/span><\/p>\n<p style=\"text-align: center;\">P\u00e2t\u00e9 en croute de pintade<br \/>\nOu<br \/>\nSalade de la mer<\/p>\n<p style=\"text-align: center;\">Cuisses de grenouilles persill\u00e9es pure beurre<br \/>\nGratin de pomme de terre \u00e0 la fourme de Sauvain (sp\u00e9cialit\u00e9)<strong> (Produit du terroir) <\/strong>ou nature sur demande<\/p>\n<p style=\"text-align: center;\">Fromage blanc fermier<br \/>\n<strong>(Produit du terroir)<\/strong><\/p>\n<p style=\"text-align: center;\">Vacherin framboise ou palet glac\u00e9 caramel<\/p>\n","protected":false},"excerpt":{"rendered":"<p>MENU GRENOUILLES 29,50 \u20ac Servi tous les jours sauf dimanche et jour f\u00e9ri\u00e9 Que sur r\u00e9servation ! P\u00e2t\u00e9 en croute de pintade Ou Salade de la mer Cuisses de grenouilles persill\u00e9es pure beurre Gratin de pomme de terre \u00e0 la [&hellip;]<\/p>\n","protected":false},"author":1,"featured_media":0,"parent":0,"menu_order":0,"comment_status":"closed","ping_status":"closed","template":"","meta":{"inline_featured_image":false},"yoast_head":"<!-- This site is optimized with the Yoast SEO plugin v19.4 - https:\/\/yoast.com\/wordpress\/plugins\/seo\/ -->\n<title>MENU GRENOUILLES - Restaurant Le Pouillerot<\/title>\n<meta name=\"robots\" content=\"index, follow, max-snippet:-1, max-image-preview:large, max-video-preview:-1\" \/>\n<link rel=\"canonical\" href=\"https:\/\/lepouillerot.fr\/?page_id=49\" \/>\n<meta property=\"og:locale\" content=\"fr_FR\" \/>\n<meta property=\"og:type\" content=\"article\" \/>\n<meta property=\"og:title\" content=\"MENU GRENOUILLES - Restaurant Le Pouillerot\" \/>\n<meta property=\"og:description\" content=\"MENU GRENOUILLES 29,50 \u20ac Servi tous les jours sauf dimanche et jour f\u00e9ri\u00e9 Que sur r\u00e9servation ! P\u00e2t\u00e9 en croute de pintade Ou Salade de la mer Cuisses de grenouilles persill\u00e9es pure beurre Gratin de pomme de terre \u00e0 la [&hellip;]\" \/>\n<meta property=\"og:url\" content=\"https:\/\/lepouillerot.fr\/?page_id=49\" \/>\n<meta property=\"og:site_name\" content=\"Restaurant Le Pouillerot\" \/>\n<meta property=\"article:modified_time\" content=\"2025-10-20T14:24:34+00:00\" \/>\n<meta name=\"twitter:card\" content=\"summary_large_image\" \/>\n<meta name=\"twitter:label1\" content=\"Dur\u00e9e de lecture estim\u00e9e\" \/>\n\t<meta name=\"twitter:data1\" content=\"1 minute\" \/>\n<script type=\"application\/ld+json\" class=\"yoast-schema-graph\">{\"@context\":\"https:\/\/schema.org\",\"@graph\":[{\"@type\":\"WebSite\",\"@id\":\"https:\/\/lepouillerot.fr\/#website\",\"url\":\"https:\/\/lepouillerot.fr\/\",\"name\":\"Restaurant Le Pouillerot\",\"description\":\"Le restaurant Le Pouillerot, d&#039;une capacit\u00e9 de 80 couverts, vous accueille \u00e0 Pouilly-l\u00e8s-Feurs\",\"potentialAction\":[{\"@type\":\"SearchAction\",\"target\":{\"@type\":\"EntryPoint\",\"urlTemplate\":\"https:\/\/lepouillerot.fr\/?s={search_term_string}\"},\"query-input\":\"required name=search_term_string\"}],\"inLanguage\":\"fr-FR\"},{\"@type\":\"WebPage\",\"@id\":\"https:\/\/lepouillerot.fr\/?page_id=49\",\"url\":\"https:\/\/lepouillerot.fr\/?page_id=49\",\"name\":\"MENU GRENOUILLES - Restaurant Le Pouillerot\",\"isPartOf\":{\"@id\":\"https:\/\/lepouillerot.fr\/#website\"},\"datePublished\":\"2018-02-05T16:22:26+00:00\",\"dateModified\":\"2025-10-20T14:24:34+00:00\",\"breadcrumb\":{\"@id\":\"https:\/\/lepouillerot.fr\/?page_id=49#breadcrumb\"},\"inLanguage\":\"fr-FR\",\"potentialAction\":[{\"@type\":\"ReadAction\",\"target\":[\"https:\/\/lepouillerot.fr\/?page_id=49\"]}]},{\"@type\":\"BreadcrumbList\",\"@id\":\"https:\/\/lepouillerot.fr\/?page_id=49#breadcrumb\",\"itemListElement\":[{\"@type\":\"ListItem\",\"position\":1,\"name\":\"Accueil\",\"item\":\"https:\/\/lepouillerot.fr\/\"},{\"@type\":\"ListItem\",\"position\":2,\"name\":\"MENU GRENOUILLES\"}]}]}<\/script>\n<!-- \/ Yoast SEO plugin. -->","yoast_head_json":{"title":"MENU GRENOUILLES - Restaurant Le Pouillerot","robots":{"index":"index","follow":"follow","max-snippet":"max-snippet:-1","max-image-preview":"max-image-preview:large","max-video-preview":"max-video-preview:-1"},"canonical":"https:\/\/lepouillerot.fr\/?page_id=49","og_locale":"fr_FR","og_type":"article","og_title":"MENU GRENOUILLES - Restaurant Le Pouillerot","og_description":"MENU GRENOUILLES 29,50 \u20ac Servi tous les jours sauf dimanche et jour f\u00e9ri\u00e9 Que sur r\u00e9servation ! P\u00e2t\u00e9 en croute de pintade Ou Salade de la mer Cuisses de grenouilles persill\u00e9es pure beurre Gratin de pomme de terre \u00e0 la [&hellip;]","og_url":"https:\/\/lepouillerot.fr\/?page_id=49","og_site_name":"Restaurant Le Pouillerot","article_modified_time":"2025-10-20T14:24:34+00:00","twitter_card":"summary_large_image","twitter_misc":{"Dur\u00e9e de lecture estim\u00e9e":"1 minute"},"schema":{"@context":"https:\/\/schema.org","@graph":[{"@type":"WebSite","@id":"https:\/\/lepouillerot.fr\/#website","url":"https:\/\/lepouillerot.fr\/","name":"Restaurant Le Pouillerot","description":"Le restaurant Le Pouillerot, d&#039;une capacit\u00e9 de 80 couverts, vous accueille \u00e0 Pouilly-l\u00e8s-Feurs","potentialAction":[{"@type":"SearchAction","target":{"@type":"EntryPoint","urlTemplate":"https:\/\/lepouillerot.fr\/?s={search_term_string}"},"query-input":"required name=search_term_string"}],"inLanguage":"fr-FR"},{"@type":"WebPage","@id":"https:\/\/lepouillerot.fr\/?page_id=49","url":"https:\/\/lepouillerot.fr\/?page_id=49","name":"MENU GRENOUILLES - Restaurant Le Pouillerot","isPartOf":{"@id":"https:\/\/lepouillerot.fr\/#website"},"datePublished":"2018-02-05T16:22:26+00:00","dateModified":"2025-10-20T14:24:34+00:00","breadcrumb":{"@id":"https:\/\/lepouillerot.fr\/?page_id=49#breadcrumb"},"inLanguage":"fr-FR","potentialAction":[{"@type":"ReadAction","target":["https:\/\/lepouillerot.fr\/?page_id=49"]}]},{"@type":"BreadcrumbList","@id":"https:\/\/lepouillerot.fr\/?page_id=49#breadcrumb","itemListElement":[{"@type":"ListItem","position":1,"name":"Accueil","item":"https:\/\/lepouillerot.fr\/"},{"@type":"ListItem","position":2,"name":"MENU GRENOUILLES"}]}]}},"_links":{"self":[{"href":"https:\/\/lepouillerot.fr\/index.php?rest_route=\/wp\/v2\/pages\/49"}],"collection":[{"href":"https:\/\/lepouillerot.fr\/index.php?rest_route=\/wp\/v2\/pages"}],"about":[{"href":"https:\/\/lepouillerot.fr\/index.php?rest_route=\/wp\/v2\/types\/page"}],"author":[{"embeddable":true,"href":"https:\/\/lepouillerot.fr\/index.php?rest_route=\/wp\/v2\/users\/1"}],"replies":[{"embeddable":true,"href":"https:\/\/lepouillerot.fr\/index.php?rest_route=%2Fwp%2Fv2%2Fcomments&post=49"}],"version-history":[{"count":20,"href":"https:\/\/lepouillerot.fr\/index.php?rest_route=\/wp\/v2\/pages\/49\/revisions"}],"predecessor-version":[{"id":1341,"href":"https:\/\/lepouillerot.fr\/index.php?rest_route=\/wp\/v2\/pages\/49\/revisions\/1341"}],"wp:attachment":[{"href":"https:\/\/lepouillerot.fr\/index.php?rest_route=%2Fwp%2Fv2%2Fmedia&parent=49"}],"curies":[{"name":"wp","href":"https:\/\/api.w.org\/{rel}","templated":true}]}}