{"id":46,"date":"2018-02-05T17:18:05","date_gmt":"2018-02-05T16:18:05","guid":{"rendered":"http:\/\/lepouillerot.fr\/?page_id=46"},"modified":"2026-04-23T17:09:30","modified_gmt":"2026-04-23T15:09:30","slug":"menu-a-2350-e","status":"publish","type":"page","link":"https:\/\/lepouillerot.fr\/?page_id=46","title":{"rendered":"MENU A 29.50 \u20ac"},"content":{"rendered":"<h2 style=\"text-align: center;\"><span style=\"text-decoration: underline;\">MENU A 29.50 \u20ac<\/span><\/h2>\n<h2 style=\"text-align: center;\"><span style=\"text-decoration: underline;\"><em>(sur r\u00e9servation le midi en semaine)<\/em><\/span><\/h2>\n<p style=\"text-align: center;\">P\u00e2t\u00e9 en croute de blanc de poulet \u00e0 la moutarde \u00e0 l&rsquo;ancienne<\/p>\n<p style=\"text-align: center;\">Ou<\/p>\n<p style=\"text-align: center;\">Salade de la mer<\/p>\n<p style=\"text-align: center;\">Ou<br \/>\nLa douzaine d\u2019Escargots de Bourgogne (ail\/persil) fait maison<\/p>\n<p style=\"text-align: center;\">T\u00eate de veau sauce gribiche<br \/>\n(Produit du terroir)<br \/>\nOu<br \/>\nEntrec\u00f4te de b\u0153uf grill\u00e9e (bleu ou saignante sinon fondant de b\u0153uf sauce vinaigre de cidre)<\/p>\n<p style=\"text-align: center;\">(Produit du terroir)<br \/>\nOu<br \/>\nPav\u00e9 de merlu sauce oseille de mon potager<\/p>\n<p style=\"text-align: center;\">\n<p style=\"text-align: center;\">Fromage sec ou blanc fermier<br \/>\n(Produit du terroir)<\/p>\n<p style=\"text-align: center;\"><span style=\"color: #000000;\">Dessert fait-maison ou glace<\/span><\/p>\n<p style=\"text-align: center;\"><span style=\"color: #000000;\"><strong>Votre plat chaud sera servi avec ma sp\u00e9cialit\u00e9 :<br \/>\nle gratin \u00e0 la fourme de Sauvain (produit du terroir) ou nature sur demande et un l\u00e9gume.\u00a0<\/strong><\/span><\/p>\n","protected":false},"excerpt":{"rendered":"<p>MENU A 29.50 \u20ac (sur r\u00e9servation le midi en semaine) P\u00e2t\u00e9 en croute de blanc de poulet \u00e0 la moutarde \u00e0 l&rsquo;ancienne Ou Salade de la mer Ou La douzaine d\u2019Escargots de Bourgogne (ail\/persil) fait maison T\u00eate de veau sauce [&hellip;]<\/p>\n","protected":false},"author":1,"featured_media":0,"parent":0,"menu_order":0,"comment_status":"closed","ping_status":"closed","template":"","meta":{"inline_featured_image":false},"yoast_head":"<!-- This site is optimized with the Yoast SEO plugin v19.4 - https:\/\/yoast.com\/wordpress\/plugins\/seo\/ -->\n<title>Menu \u00e0 25 \u20ac tous les jours sauf le dimanche au Restaurant Le Pouillerot<\/title>\n<meta name=\"description\" content=\"Un menu complet \u00e0 25 \u20ac servi tous les jours sauf le dimanche avec des produits du terroir, des incontournable et sa sp\u00e9cialit\u00e9\" \/>\n<meta name=\"robots\" content=\"index, follow, max-snippet:-1, max-image-preview:large, max-video-preview:-1\" \/>\n<link rel=\"canonical\" href=\"https:\/\/lepouillerot.fr\/?page_id=46\" \/>\n<meta property=\"og:locale\" content=\"fr_FR\" \/>\n<meta property=\"og:type\" content=\"article\" \/>\n<meta property=\"og:title\" content=\"Menu \u00e0 25 \u20ac tous les jours sauf le dimanche au Restaurant Le Pouillerot\" \/>\n<meta property=\"og:description\" content=\"Un menu complet \u00e0 25 \u20ac servi tous les jours sauf le dimanche avec des produits du terroir, des incontournable et sa sp\u00e9cialit\u00e9\" \/>\n<meta property=\"og:url\" content=\"https:\/\/lepouillerot.fr\/?page_id=46\" \/>\n<meta property=\"og:site_name\" content=\"Restaurant Le Pouillerot\" \/>\n<meta property=\"article:modified_time\" content=\"2026-04-23T15:09:30+00:00\" \/>\n<meta name=\"twitter:card\" content=\"summary_large_image\" \/>\n<meta name=\"twitter:label1\" content=\"Dur\u00e9e de lecture estim\u00e9e\" \/>\n\t<meta name=\"twitter:data1\" content=\"1 minute\" \/>\n<script type=\"application\/ld+json\" class=\"yoast-schema-graph\">{\"@context\":\"https:\/\/schema.org\",\"@graph\":[{\"@type\":\"WebSite\",\"@id\":\"https:\/\/lepouillerot.fr\/#website\",\"url\":\"https:\/\/lepouillerot.fr\/\",\"name\":\"Restaurant Le Pouillerot\",\"description\":\"Le restaurant Le Pouillerot, d&#039;une capacit\u00e9 de 80 couverts, vous accueille \u00e0 Pouilly-l\u00e8s-Feurs\",\"potentialAction\":[{\"@type\":\"SearchAction\",\"target\":{\"@type\":\"EntryPoint\",\"urlTemplate\":\"https:\/\/lepouillerot.fr\/?s={search_term_string}\"},\"query-input\":\"required name=search_term_string\"}],\"inLanguage\":\"fr-FR\"},{\"@type\":\"WebPage\",\"@id\":\"https:\/\/lepouillerot.fr\/?page_id=46\",\"url\":\"https:\/\/lepouillerot.fr\/?page_id=46\",\"name\":\"Menu \u00e0 25 \u20ac tous les jours sauf le dimanche au Restaurant Le Pouillerot\",\"isPartOf\":{\"@id\":\"https:\/\/lepouillerot.fr\/#website\"},\"datePublished\":\"2018-02-05T16:18:05+00:00\",\"dateModified\":\"2026-04-23T15:09:30+00:00\",\"description\":\"Un menu complet \u00e0 25 \u20ac servi tous les jours sauf le dimanche avec des produits du terroir, des incontournable et sa sp\u00e9cialit\u00e9\",\"breadcrumb\":{\"@id\":\"https:\/\/lepouillerot.fr\/?page_id=46#breadcrumb\"},\"inLanguage\":\"fr-FR\",\"potentialAction\":[{\"@type\":\"ReadAction\",\"target\":[\"https:\/\/lepouillerot.fr\/?page_id=46\"]}]},{\"@type\":\"BreadcrumbList\",\"@id\":\"https:\/\/lepouillerot.fr\/?page_id=46#breadcrumb\",\"itemListElement\":[{\"@type\":\"ListItem\",\"position\":1,\"name\":\"Accueil\",\"item\":\"https:\/\/lepouillerot.fr\/\"},{\"@type\":\"ListItem\",\"position\":2,\"name\":\"MENU A 29.50 \u20ac\"}]}]}<\/script>\n<!-- \/ Yoast SEO plugin. -->","yoast_head_json":{"title":"Menu \u00e0 25 \u20ac tous les jours sauf le dimanche au Restaurant Le Pouillerot","description":"Un menu complet \u00e0 25 \u20ac servi tous les jours sauf le dimanche avec des produits du terroir, des incontournable et sa sp\u00e9cialit\u00e9","robots":{"index":"index","follow":"follow","max-snippet":"max-snippet:-1","max-image-preview":"max-image-preview:large","max-video-preview":"max-video-preview:-1"},"canonical":"https:\/\/lepouillerot.fr\/?page_id=46","og_locale":"fr_FR","og_type":"article","og_title":"Menu \u00e0 25 \u20ac tous les jours sauf le dimanche au Restaurant Le Pouillerot","og_description":"Un menu complet \u00e0 25 \u20ac servi tous les jours sauf le dimanche avec des produits du terroir, des incontournable et sa sp\u00e9cialit\u00e9","og_url":"https:\/\/lepouillerot.fr\/?page_id=46","og_site_name":"Restaurant Le Pouillerot","article_modified_time":"2026-04-23T15:09:30+00:00","twitter_card":"summary_large_image","twitter_misc":{"Dur\u00e9e de lecture estim\u00e9e":"1 minute"},"schema":{"@context":"https:\/\/schema.org","@graph":[{"@type":"WebSite","@id":"https:\/\/lepouillerot.fr\/#website","url":"https:\/\/lepouillerot.fr\/","name":"Restaurant Le Pouillerot","description":"Le restaurant Le Pouillerot, d&#039;une capacit\u00e9 de 80 couverts, vous accueille \u00e0 Pouilly-l\u00e8s-Feurs","potentialAction":[{"@type":"SearchAction","target":{"@type":"EntryPoint","urlTemplate":"https:\/\/lepouillerot.fr\/?s={search_term_string}"},"query-input":"required name=search_term_string"}],"inLanguage":"fr-FR"},{"@type":"WebPage","@id":"https:\/\/lepouillerot.fr\/?page_id=46","url":"https:\/\/lepouillerot.fr\/?page_id=46","name":"Menu \u00e0 25 \u20ac tous les jours sauf le dimanche au Restaurant Le Pouillerot","isPartOf":{"@id":"https:\/\/lepouillerot.fr\/#website"},"datePublished":"2018-02-05T16:18:05+00:00","dateModified":"2026-04-23T15:09:30+00:00","description":"Un menu complet \u00e0 25 \u20ac servi tous les jours sauf le dimanche avec des produits du terroir, des incontournable et sa sp\u00e9cialit\u00e9","breadcrumb":{"@id":"https:\/\/lepouillerot.fr\/?page_id=46#breadcrumb"},"inLanguage":"fr-FR","potentialAction":[{"@type":"ReadAction","target":["https:\/\/lepouillerot.fr\/?page_id=46"]}]},{"@type":"BreadcrumbList","@id":"https:\/\/lepouillerot.fr\/?page_id=46#breadcrumb","itemListElement":[{"@type":"ListItem","position":1,"name":"Accueil","item":"https:\/\/lepouillerot.fr\/"},{"@type":"ListItem","position":2,"name":"MENU A 29.50 \u20ac"}]}]}},"_links":{"self":[{"href":"https:\/\/lepouillerot.fr\/index.php?rest_route=\/wp\/v2\/pages\/46"}],"collection":[{"href":"https:\/\/lepouillerot.fr\/index.php?rest_route=\/wp\/v2\/pages"}],"about":[{"href":"https:\/\/lepouillerot.fr\/index.php?rest_route=\/wp\/v2\/types\/page"}],"author":[{"embeddable":true,"href":"https:\/\/lepouillerot.fr\/index.php?rest_route=\/wp\/v2\/users\/1"}],"replies":[{"embeddable":true,"href":"https:\/\/lepouillerot.fr\/index.php?rest_route=%2Fwp%2Fv2%2Fcomments&post=46"}],"version-history":[{"count":29,"href":"https:\/\/lepouillerot.fr\/index.php?rest_route=\/wp\/v2\/pages\/46\/revisions"}],"predecessor-version":[{"id":1372,"href":"https:\/\/lepouillerot.fr\/index.php?rest_route=\/wp\/v2\/pages\/46\/revisions\/1372"}],"wp:attachment":[{"href":"https:\/\/lepouillerot.fr\/index.php?rest_route=%2Fwp%2Fv2%2Fmedia&parent=46"}],"curies":[{"name":"wp","href":"https:\/\/api.w.org\/{rel}","templated":true}]}}