{"id":4,"date":"2018-02-02T16:06:06","date_gmt":"2018-02-02T15:06:06","guid":{"rendered":"http:\/\/lepouillerot.com\/?page_id=4"},"modified":"2025-10-20T16:15:15","modified_gmt":"2025-10-20T14:15:15","slug":"chef-cuisinier-franck-grivot","status":"publish","type":"page","link":"https:\/\/lepouillerot.fr\/?page_id=4","title":{"rendered":"LE CHEF CUISINIER : FRANCK GRIVOT"},"content":{"rendered":"<div id=\"attachment_9\" style=\"width: 249px\" class=\"wp-caption alignleft\"><img aria-describedby=\"caption-attachment-9\" loading=\"lazy\" class=\" wp-image-9\" src=\"http:\/\/lepouillerot.com\/wp-content\/uploads\/2018\/02\/IMG_3517-e1517583684826-225x300.jpg\" alt=\"FRANCK ET FRAN\u00c7OISE GRIVOT l\u00e9quipe du POUILLLEROT\" width=\"239\" height=\"319\" srcset=\"https:\/\/lepouillerot.fr\/wp-content\/uploads\/2018\/02\/IMG_3517-e1517583684826-225x300.jpg 225w, https:\/\/lepouillerot.fr\/wp-content\/uploads\/2018\/02\/IMG_3517-e1517583684826-768x1024.jpg 768w\" sizes=\"(max-width: 239px) 100vw, 239px\" \/><p id=\"caption-attachment-9\" class=\"wp-caption-text\">FRANCK GRIVOT ET<br \/>FRAN\u00c7OISE GRIVOT<\/p><\/div>\n<h2><span style=\"text-decoration: underline;\">QUI SUIS-JE<\/span><\/h2>\n<p>Je me pr\u00e9sente : je m\u2019appelle Franck Grivot, j\u2019ai 54 ans, originaire de Pouilly-l\u00e8s-Feurs\u00a0 et cuisinier de m\u00e9tier.<\/p>\n<h2><span style=\"text-decoration: underline;\">MA FORMATION<\/span><\/h2>\n<p>Fort d\u2019une bonne exp\u00e9rience professionnelle, j\u2019ai commenc\u00e9 mon apprentissage au LEP de Verri\u00e8re-en-Forez \u00e0 l\u2019\u00e2ge de 13 ans pour acqu\u00e9rir mon CAP de cuisine. A partir de 15 ans,\u00a0 je faisais des extras en cuisine le weekend. Puis, j\u2019ai fait une formation compl\u00e9mentaire d\u2019un an au CFA de Saint-Etienne, o\u00f9 je travaillais dans une p\u00e2tisserie au Chambon-Feugerolles.<\/p>\n<h2><span style=\"text-decoration: underline;\">MON EXP\u00c9RIENCE PROFESSIONNELLE<\/span><\/h2>\n<p>A l\u2019\u00e2ge de 17 ans, j\u2019ai quitt\u00e9 la r\u00e9gion pour travailler comme commis au restaurant le \u00ab\u00a0CAP MARTIN\u00a0\u00bb \u00e0 c\u00f4t\u00e9 de Menton avec un des meilleurs sauciers de France.<\/p>\n<p>Il ma permis de partir a Monaco dans l\u2019un des plus grands palaces \u00ab\u00a0L&rsquo;HOTEL DE PARIS\u00a0\u00bb, dont le chef de cuisine \u00e9tait le non moins renomm\u00e9 Monsieur Alain Ducasse.<\/p>\n<p>J&rsquo;ai ensuite poursuivi comme chef de parti, toujours \u00e0 Monaco, dans l\u2019un des meilleurs restaurants de poissons: \u00ab\u00a0LE SAINT HUBERT\u00a0\u00bb.<\/p>\n<p>J&rsquo;ai continu\u00e9 ma carri\u00e8re en tant que chef de cuisine dans diff\u00e9rents \u00e9tablissements des Alpes-Maritimes, Ard\u00e8che, Haute-Savoie et Loire (Saint-Georges-de-Baroille, Balbigny, Montbrison) et aussi en collectivit\u00e9.<\/p>\n<p>Pour me seconder, mon \u00e9pouse Fran\u00e7oise Grivot g\u00e8re l&rsquo;accueil, le service et l\u2019entretien. Elle est aussi tr\u00e8s connue pour sa gentillesse, son professionnalisme et sa convivialit\u00e9, ayant \u00e9t\u00e9 serveuse au village de Balbigny pendant de nombreuses ann\u00e9es.<\/p>\n<p class=\"cma-preview\">\n","protected":false},"excerpt":{"rendered":"<p>QUI SUIS-JE Je me pr\u00e9sente : je m\u2019appelle Franck Grivot, j\u2019ai 54 ans, originaire de Pouilly-l\u00e8s-Feurs\u00a0 et cuisinier de m\u00e9tier. MA FORMATION Fort d\u2019une bonne exp\u00e9rience professionnelle, j\u2019ai commenc\u00e9 mon apprentissage au LEP de Verri\u00e8re-en-Forez \u00e0 l\u2019\u00e2ge de 13 ans [&hellip;]<\/p>\n","protected":false},"author":1,"featured_media":0,"parent":0,"menu_order":0,"comment_status":"closed","ping_status":"closed","template":"","meta":{"inline_featured_image":false},"yoast_head":"<!-- This site is optimized with the Yoast SEO plugin v19.4 - https:\/\/yoast.com\/wordpress\/plugins\/seo\/ -->\n<title>Le Chef de cuisine Franck Grivot au Restaurant Le POUILLEROT<\/title>\n<meta name=\"description\" content=\"Franck et Fran\u00e7oise Grivot vous accueillent au restaurant LE POUILLEROT \u00e0 42110 Pouilly-les-Feurs avec sa cuisine traditionnelle et son service de qualit\u00e9\" \/>\n<meta name=\"robots\" content=\"index, follow, max-snippet:-1, max-image-preview:large, max-video-preview:-1\" \/>\n<link rel=\"canonical\" href=\"https:\/\/lepouillerot.fr\/?page_id=4\" \/>\n<meta property=\"og:locale\" content=\"fr_FR\" \/>\n<meta property=\"og:type\" content=\"article\" \/>\n<meta property=\"og:title\" content=\"Le Chef de cuisine Franck Grivot au Restaurant Le POUILLEROT\" \/>\n<meta property=\"og:description\" content=\"Franck et Fran\u00e7oise Grivot vous accueillent au restaurant LE POUILLEROT \u00e0 42110 Pouilly-les-Feurs avec sa cuisine traditionnelle et son service de qualit\u00e9\" \/>\n<meta property=\"og:url\" content=\"https:\/\/lepouillerot.fr\/?page_id=4\" \/>\n<meta property=\"og:site_name\" content=\"Restaurant Le Pouillerot\" \/>\n<meta property=\"article:modified_time\" content=\"2025-10-20T14:15:15+00:00\" \/>\n<meta property=\"og:image\" content=\"http:\/\/lepouillerot.com\/wp-content\/uploads\/2018\/02\/IMG_3517-e1517583684826-225x300.jpg\" \/>\n<meta name=\"twitter:card\" content=\"summary_large_image\" \/>\n<meta name=\"twitter:label1\" content=\"Dur\u00e9e de lecture estim\u00e9e\" \/>\n\t<meta name=\"twitter:data1\" content=\"2 minutes\" \/>\n<script type=\"application\/ld+json\" class=\"yoast-schema-graph\">{\"@context\":\"https:\/\/schema.org\",\"@graph\":[{\"@type\":\"WebSite\",\"@id\":\"https:\/\/lepouillerot.fr\/#website\",\"url\":\"https:\/\/lepouillerot.fr\/\",\"name\":\"Restaurant Le Pouillerot\",\"description\":\"Le restaurant Le Pouillerot, d&#039;une capacit\u00e9 de 80 couverts, vous accueille \u00e0 Pouilly-l\u00e8s-Feurs\",\"potentialAction\":[{\"@type\":\"SearchAction\",\"target\":{\"@type\":\"EntryPoint\",\"urlTemplate\":\"https:\/\/lepouillerot.fr\/?s={search_term_string}\"},\"query-input\":\"required name=search_term_string\"}],\"inLanguage\":\"fr-FR\"},{\"@type\":\"WebPage\",\"@id\":\"https:\/\/lepouillerot.fr\/?page_id=4\",\"url\":\"https:\/\/lepouillerot.fr\/?page_id=4\",\"name\":\"Le Chef de cuisine Franck Grivot au Restaurant Le POUILLEROT\",\"isPartOf\":{\"@id\":\"https:\/\/lepouillerot.fr\/#website\"},\"datePublished\":\"2018-02-02T15:06:06+00:00\",\"dateModified\":\"2025-10-20T14:15:15+00:00\",\"description\":\"Franck et Fran\u00e7oise Grivot vous accueillent au restaurant LE POUILLEROT \u00e0 42110 Pouilly-les-Feurs avec sa cuisine traditionnelle et son service de qualit\u00e9\",\"breadcrumb\":{\"@id\":\"https:\/\/lepouillerot.fr\/?page_id=4#breadcrumb\"},\"inLanguage\":\"fr-FR\",\"potentialAction\":[{\"@type\":\"ReadAction\",\"target\":[\"https:\/\/lepouillerot.fr\/?page_id=4\"]}]},{\"@type\":\"BreadcrumbList\",\"@id\":\"https:\/\/lepouillerot.fr\/?page_id=4#breadcrumb\",\"itemListElement\":[{\"@type\":\"ListItem\",\"position\":1,\"name\":\"Accueil\",\"item\":\"https:\/\/lepouillerot.fr\/\"},{\"@type\":\"ListItem\",\"position\":2,\"name\":\"LE CHEF CUISINIER : FRANCK GRIVOT\"}]}]}<\/script>\n<!-- \/ Yoast SEO plugin. -->","yoast_head_json":{"title":"Le Chef de cuisine Franck Grivot au Restaurant Le POUILLEROT","description":"Franck et Fran\u00e7oise Grivot vous accueillent au restaurant LE POUILLEROT \u00e0 42110 Pouilly-les-Feurs avec sa cuisine traditionnelle et son service de qualit\u00e9","robots":{"index":"index","follow":"follow","max-snippet":"max-snippet:-1","max-image-preview":"max-image-preview:large","max-video-preview":"max-video-preview:-1"},"canonical":"https:\/\/lepouillerot.fr\/?page_id=4","og_locale":"fr_FR","og_type":"article","og_title":"Le Chef de cuisine Franck Grivot au Restaurant Le POUILLEROT","og_description":"Franck et Fran\u00e7oise Grivot vous accueillent au restaurant LE POUILLEROT \u00e0 42110 Pouilly-les-Feurs avec sa cuisine traditionnelle et son service de qualit\u00e9","og_url":"https:\/\/lepouillerot.fr\/?page_id=4","og_site_name":"Restaurant Le Pouillerot","article_modified_time":"2025-10-20T14:15:15+00:00","og_image":[{"url":"http:\/\/lepouillerot.com\/wp-content\/uploads\/2018\/02\/IMG_3517-e1517583684826-225x300.jpg"}],"twitter_card":"summary_large_image","twitter_misc":{"Dur\u00e9e de lecture estim\u00e9e":"2 minutes"},"schema":{"@context":"https:\/\/schema.org","@graph":[{"@type":"WebSite","@id":"https:\/\/lepouillerot.fr\/#website","url":"https:\/\/lepouillerot.fr\/","name":"Restaurant Le Pouillerot","description":"Le restaurant Le Pouillerot, d&#039;une capacit\u00e9 de 80 couverts, vous accueille \u00e0 Pouilly-l\u00e8s-Feurs","potentialAction":[{"@type":"SearchAction","target":{"@type":"EntryPoint","urlTemplate":"https:\/\/lepouillerot.fr\/?s={search_term_string}"},"query-input":"required name=search_term_string"}],"inLanguage":"fr-FR"},{"@type":"WebPage","@id":"https:\/\/lepouillerot.fr\/?page_id=4","url":"https:\/\/lepouillerot.fr\/?page_id=4","name":"Le Chef de cuisine Franck Grivot au Restaurant Le POUILLEROT","isPartOf":{"@id":"https:\/\/lepouillerot.fr\/#website"},"datePublished":"2018-02-02T15:06:06+00:00","dateModified":"2025-10-20T14:15:15+00:00","description":"Franck et Fran\u00e7oise Grivot vous accueillent au restaurant LE POUILLEROT \u00e0 42110 Pouilly-les-Feurs avec sa cuisine traditionnelle et son service de qualit\u00e9","breadcrumb":{"@id":"https:\/\/lepouillerot.fr\/?page_id=4#breadcrumb"},"inLanguage":"fr-FR","potentialAction":[{"@type":"ReadAction","target":["https:\/\/lepouillerot.fr\/?page_id=4"]}]},{"@type":"BreadcrumbList","@id":"https:\/\/lepouillerot.fr\/?page_id=4#breadcrumb","itemListElement":[{"@type":"ListItem","position":1,"name":"Accueil","item":"https:\/\/lepouillerot.fr\/"},{"@type":"ListItem","position":2,"name":"LE CHEF CUISINIER : FRANCK GRIVOT"}]}]}},"_links":{"self":[{"href":"https:\/\/lepouillerot.fr\/index.php?rest_route=\/wp\/v2\/pages\/4"}],"collection":[{"href":"https:\/\/lepouillerot.fr\/index.php?rest_route=\/wp\/v2\/pages"}],"about":[{"href":"https:\/\/lepouillerot.fr\/index.php?rest_route=\/wp\/v2\/types\/page"}],"author":[{"embeddable":true,"href":"https:\/\/lepouillerot.fr\/index.php?rest_route=\/wp\/v2\/users\/1"}],"replies":[{"embeddable":true,"href":"https:\/\/lepouillerot.fr\/index.php?rest_route=%2Fwp%2Fv2%2Fcomments&post=4"}],"version-history":[{"count":16,"href":"https:\/\/lepouillerot.fr\/index.php?rest_route=\/wp\/v2\/pages\/4\/revisions"}],"predecessor-version":[{"id":1333,"href":"https:\/\/lepouillerot.fr\/index.php?rest_route=\/wp\/v2\/pages\/4\/revisions\/1333"}],"wp:attachment":[{"href":"https:\/\/lepouillerot.fr\/index.php?rest_route=%2Fwp%2Fv2%2Fmedia&parent=4"}],"curies":[{"name":"wp","href":"https:\/\/api.w.org\/{rel}","templated":true}]}}