{"id":30,"date":"2018-02-05T17:21:47","date_gmt":"2018-02-05T16:21:47","guid":{"rendered":"http:\/\/lepouillerot.fr\/?page_id=30"},"modified":"2025-10-20T16:23:14","modified_gmt":"2025-10-20T14:23:14","slug":"menu-forezien","status":"publish","type":"page","link":"https:\/\/lepouillerot.fr\/?page_id=30","title":{"rendered":"MENU FOREZIEN"},"content":{"rendered":"<h2 style=\"text-align: center;\"><span style=\"text-decoration: underline;\"><em><strong>MENU FOREZIEN 17,50 \u20ac<\/strong><\/em><\/span><\/h2>\n<h2 style=\"text-align: center;\"><\/h2>\n<p style=\"text-align: center;\"><span style=\"color: #000000;\">Planche for\u00e9zienne compos\u00e9e de<\/span><\/p>\n<p style=\"text-align: center;\"><span style=\"color: #000000;\">salade\/noix\/tomate\/jambon cru\/p\u00e2t\u00e9 en croute de pintade\/chorizo<\/span><\/p>\n<p style=\"text-align: center;\"><span style=\"font-size: 0.9rem; color: #000000;\">r\u00e2p\u00e9e de pomme terre gratin\u00e9e \u00e0 la fourme de Sauvain* ou nature\u00a0<\/span><\/p>\n<p style=\"text-align: center;\"><span style=\"color: #000000;\">Dessert fait-maison ou glace au choix<\/span><\/p>\n<p>*produits du terroir<\/p>\n","protected":false},"excerpt":{"rendered":"<p>MENU FOREZIEN 17,50 \u20ac Planche for\u00e9zienne compos\u00e9e de salade\/noix\/tomate\/jambon cru\/p\u00e2t\u00e9 en croute de pintade\/chorizo r\u00e2p\u00e9e de pomme terre gratin\u00e9e \u00e0 la fourme de Sauvain* ou nature\u00a0 Dessert fait-maison ou glace au choix *produits du terroir<\/p>\n","protected":false},"author":1,"featured_media":0,"parent":0,"menu_order":0,"comment_status":"closed","ping_status":"closed","template":"","meta":{"inline_featured_image":false},"yoast_head":"<!-- This site is optimized with the Yoast SEO plugin v19.4 - https:\/\/yoast.com\/wordpress\/plugins\/seo\/ -->\n<title>Menu For\u00e9zien \u00e0 15.50 \u20ac au Restaurant Le Pouillerot \u00e0 Pouilly les Feurs<\/title>\n<meta name=\"description\" content=\"Servi sur une planche vous d\u00e9gusterez de la charcuterie local, salade, une r\u00e2p\u00e9e de pomme de terre gratin\u00e9e \u00e0 la fourme de Sauvain et dessert\" \/>\n<meta name=\"robots\" content=\"index, follow, max-snippet:-1, max-image-preview:large, max-video-preview:-1\" \/>\n<link rel=\"canonical\" href=\"https:\/\/lepouillerot.fr\/?page_id=30\" \/>\n<meta property=\"og:locale\" content=\"fr_FR\" \/>\n<meta property=\"og:type\" content=\"article\" \/>\n<meta property=\"og:title\" content=\"Menu For\u00e9zien \u00e0 15.50 \u20ac au Restaurant Le Pouillerot \u00e0 Pouilly les Feurs\" \/>\n<meta property=\"og:description\" content=\"Servi sur une planche vous d\u00e9gusterez de la charcuterie local, salade, une r\u00e2p\u00e9e de pomme de terre gratin\u00e9e \u00e0 la fourme de Sauvain et dessert\" \/>\n<meta property=\"og:url\" content=\"https:\/\/lepouillerot.fr\/?page_id=30\" \/>\n<meta property=\"og:site_name\" content=\"Restaurant Le Pouillerot\" \/>\n<meta property=\"article:modified_time\" content=\"2025-10-20T14:23:14+00:00\" \/>\n<meta name=\"twitter:card\" content=\"summary_large_image\" \/>\n<meta name=\"twitter:label1\" content=\"Dur\u00e9e de lecture estim\u00e9e\" \/>\n\t<meta name=\"twitter:data1\" content=\"1 minute\" \/>\n<script type=\"application\/ld+json\" class=\"yoast-schema-graph\">{\"@context\":\"https:\/\/schema.org\",\"@graph\":[{\"@type\":\"WebSite\",\"@id\":\"https:\/\/lepouillerot.fr\/#website\",\"url\":\"https:\/\/lepouillerot.fr\/\",\"name\":\"Restaurant Le Pouillerot\",\"description\":\"Le restaurant Le Pouillerot, d&#039;une capacit\u00e9 de 80 couverts, vous accueille \u00e0 Pouilly-l\u00e8s-Feurs\",\"potentialAction\":[{\"@type\":\"SearchAction\",\"target\":{\"@type\":\"EntryPoint\",\"urlTemplate\":\"https:\/\/lepouillerot.fr\/?s={search_term_string}\"},\"query-input\":\"required name=search_term_string\"}],\"inLanguage\":\"fr-FR\"},{\"@type\":\"WebPage\",\"@id\":\"https:\/\/lepouillerot.fr\/?page_id=30\",\"url\":\"https:\/\/lepouillerot.fr\/?page_id=30\",\"name\":\"Menu For\u00e9zien \u00e0 15.50 \u20ac au Restaurant Le Pouillerot \u00e0 Pouilly les Feurs\",\"isPartOf\":{\"@id\":\"https:\/\/lepouillerot.fr\/#website\"},\"datePublished\":\"2018-02-05T16:21:47+00:00\",\"dateModified\":\"2025-10-20T14:23:14+00:00\",\"description\":\"Servi sur une planche vous d\u00e9gusterez de la charcuterie local, salade, une r\u00e2p\u00e9e de pomme de terre gratin\u00e9e \u00e0 la fourme de Sauvain et dessert\",\"breadcrumb\":{\"@id\":\"https:\/\/lepouillerot.fr\/?page_id=30#breadcrumb\"},\"inLanguage\":\"fr-FR\",\"potentialAction\":[{\"@type\":\"ReadAction\",\"target\":[\"https:\/\/lepouillerot.fr\/?page_id=30\"]}]},{\"@type\":\"BreadcrumbList\",\"@id\":\"https:\/\/lepouillerot.fr\/?page_id=30#breadcrumb\",\"itemListElement\":[{\"@type\":\"ListItem\",\"position\":1,\"name\":\"Accueil\",\"item\":\"https:\/\/lepouillerot.fr\/\"},{\"@type\":\"ListItem\",\"position\":2,\"name\":\"MENU FOREZIEN\"}]}]}<\/script>\n<!-- \/ Yoast SEO plugin. -->","yoast_head_json":{"title":"Menu For\u00e9zien \u00e0 15.50 \u20ac au Restaurant Le Pouillerot \u00e0 Pouilly les Feurs","description":"Servi sur une planche vous d\u00e9gusterez de la charcuterie local, salade, une r\u00e2p\u00e9e de pomme de terre gratin\u00e9e \u00e0 la fourme de Sauvain et dessert","robots":{"index":"index","follow":"follow","max-snippet":"max-snippet:-1","max-image-preview":"max-image-preview:large","max-video-preview":"max-video-preview:-1"},"canonical":"https:\/\/lepouillerot.fr\/?page_id=30","og_locale":"fr_FR","og_type":"article","og_title":"Menu For\u00e9zien \u00e0 15.50 \u20ac au Restaurant Le Pouillerot \u00e0 Pouilly les Feurs","og_description":"Servi sur une planche vous d\u00e9gusterez de la charcuterie local, salade, une r\u00e2p\u00e9e de pomme de terre gratin\u00e9e \u00e0 la fourme de Sauvain et dessert","og_url":"https:\/\/lepouillerot.fr\/?page_id=30","og_site_name":"Restaurant Le Pouillerot","article_modified_time":"2025-10-20T14:23:14+00:00","twitter_card":"summary_large_image","twitter_misc":{"Dur\u00e9e de lecture estim\u00e9e":"1 minute"},"schema":{"@context":"https:\/\/schema.org","@graph":[{"@type":"WebSite","@id":"https:\/\/lepouillerot.fr\/#website","url":"https:\/\/lepouillerot.fr\/","name":"Restaurant Le Pouillerot","description":"Le restaurant Le Pouillerot, d&#039;une capacit\u00e9 de 80 couverts, vous accueille \u00e0 Pouilly-l\u00e8s-Feurs","potentialAction":[{"@type":"SearchAction","target":{"@type":"EntryPoint","urlTemplate":"https:\/\/lepouillerot.fr\/?s={search_term_string}"},"query-input":"required name=search_term_string"}],"inLanguage":"fr-FR"},{"@type":"WebPage","@id":"https:\/\/lepouillerot.fr\/?page_id=30","url":"https:\/\/lepouillerot.fr\/?page_id=30","name":"Menu For\u00e9zien \u00e0 15.50 \u20ac au Restaurant Le Pouillerot \u00e0 Pouilly les Feurs","isPartOf":{"@id":"https:\/\/lepouillerot.fr\/#website"},"datePublished":"2018-02-05T16:21:47+00:00","dateModified":"2025-10-20T14:23:14+00:00","description":"Servi sur une planche vous d\u00e9gusterez de la charcuterie local, salade, une r\u00e2p\u00e9e de pomme de terre gratin\u00e9e \u00e0 la fourme de Sauvain et dessert","breadcrumb":{"@id":"https:\/\/lepouillerot.fr\/?page_id=30#breadcrumb"},"inLanguage":"fr-FR","potentialAction":[{"@type":"ReadAction","target":["https:\/\/lepouillerot.fr\/?page_id=30"]}]},{"@type":"BreadcrumbList","@id":"https:\/\/lepouillerot.fr\/?page_id=30#breadcrumb","itemListElement":[{"@type":"ListItem","position":1,"name":"Accueil","item":"https:\/\/lepouillerot.fr\/"},{"@type":"ListItem","position":2,"name":"MENU FOREZIEN"}]}]}},"_links":{"self":[{"href":"https:\/\/lepouillerot.fr\/index.php?rest_route=\/wp\/v2\/pages\/30"}],"collection":[{"href":"https:\/\/lepouillerot.fr\/index.php?rest_route=\/wp\/v2\/pages"}],"about":[{"href":"https:\/\/lepouillerot.fr\/index.php?rest_route=\/wp\/v2\/types\/page"}],"author":[{"embeddable":true,"href":"https:\/\/lepouillerot.fr\/index.php?rest_route=\/wp\/v2\/users\/1"}],"replies":[{"embeddable":true,"href":"https:\/\/lepouillerot.fr\/index.php?rest_route=%2Fwp%2Fv2%2Fcomments&post=30"}],"version-history":[{"count":14,"href":"https:\/\/lepouillerot.fr\/index.php?rest_route=\/wp\/v2\/pages\/30\/revisions"}],"predecessor-version":[{"id":1339,"href":"https:\/\/lepouillerot.fr\/index.php?rest_route=\/wp\/v2\/pages\/30\/revisions\/1339"}],"wp:attachment":[{"href":"https:\/\/lepouillerot.fr\/index.php?rest_route=%2Fwp%2Fv2%2Fmedia&parent=30"}],"curies":[{"name":"wp","href":"https:\/\/api.w.org\/{rel}","templated":true}]}}