{"id":144,"date":"2018-02-05T17:55:24","date_gmt":"2018-02-05T16:55:24","guid":{"rendered":"http:\/\/lepouillerot.fr\/?page_id=144"},"modified":"2026-01-22T13:50:29","modified_gmt":"2026-01-22T12:50:29","slug":"partenaire","status":"publish","type":"page","link":"https:\/\/lepouillerot.fr\/?page_id=144","title":{"rendered":"PARTENAIRES"},"content":{"rendered":"<p><em><strong><span style=\"text-decoration: underline;\">VIN DU FOREZ\/CLOS DE CHOZIEUX<\/span>\u00a0: <\/strong><\/em>Mr J.L\/Y Gaumon &#8211; <a href=\"http:\/\/www.closdechozieux.fr\" target=\"_blank\" rel=\"noopener\">www.closdechozieux.fr<\/a><\/p>\n<p><span style=\"text-decoration: underline;\"><em><strong>BOUCHERIE\/CHARCUTERIE CROZET<\/strong><\/em><\/span> : Mr Crozet<\/p>\n<p><span style=\"text-decoration: underline;\"><em><strong>BOULANGERIE LE GOUT DE\u00a0<\/strong><\/em><b><i>L\u2019AUTHENTIQUE<\/i><\/b><\/span><b><i> :<\/i><\/b>Mr Faverot et <span style=\"text-decoration: underline;\"><em><strong>BOULANGERIE BRUNO GUERPILLON<\/strong><\/em><\/span><\/p>\n<p><em><strong><span style=\"text-decoration: underline;\">PRIMEUR\/POMME DE TERRE<\/span> :<\/strong><\/em> Georges Fran\u00e7oise<\/p>\n<p><em><strong><span style=\"text-decoration: underline;\">CHARCUTERIE\/FERME DE CRUZOLLE<\/span> :\u00a0 \u00a0<\/strong><\/em>Mr Henry Cellier<\/p>\n<p><em><strong><span style=\"text-decoration: underline;\">FROMAGE BLANC FERME DE CHAMARON<\/span> : <\/strong><\/em>Mr et Md Grange<\/p>\n<p><b><i><span style=\"text-decoration: underline;\">CAF\u00c9S RICHARD<\/span><\/i><\/b><\/p>\n<p><span style=\"text-decoration: underline;\"><b><i>SOUCHON BOISSON\u00a0<\/i><\/b><\/span><em><strong>\u00a0\u00a0<\/strong><\/em><\/p>\n<p><em><strong><span style=\"text-decoration: underline;\">FOURME DE SAUVAIN<\/span> :\u00a0<\/strong><\/em>&#8211;\u00a0<a href=\"http:\/\/www.fourme\/Tarit.fr\" target=\"_blank\" rel=\"noopener\">www.fourme\/Tarit.fr<\/a><\/p>\n<p><em><strong><span style=\"text-decoration: underline;\">FOREZ TERRE DE GOUT<\/span> :\u00a0<\/strong><\/em>&#8211;<em><strong>\u00a0<\/strong><\/em><a href=\"http:\/\/www.paysduforez.fr\" target=\"_blank\" rel=\"noopener\">www.paysduforez.fr<\/a><\/p>\n<p><em><strong><span style=\"text-decoration: underline;\">FOREZ TOURISME<\/span> :<\/strong><\/em>\u00a0&#8211;\u00a0<a href=\"http:\/\/www.foreztourisme.fr\/\" target=\"_blank\" rel=\"noopener\">www.foreztourisme.fr\/<\/a><\/p>\n<p><span style=\"color: #3366ff;\"><em><strong><span style=\"color: #000000;\">HUILE DE PAUL LAURENT A SAVIGNEUX :<\/span><\/strong><\/em>www.moulin-huile-paullaurent.fr<\/span><\/p>\n<p><em><strong>FRUITS ET LEGUMES : AU MARCHE PROVENCAL (BALBIGNY)<\/strong><\/em><\/p>\n<p><em><strong>LA FERME DES BRINDILLES (fruits rouges) : <span style=\"color: #0000ff;\">lafermedesbrindilles@gmail.com<\/span><\/strong><\/em><\/p>\n<p><strong>LES DELICES FERMIERS ROANNAIS : Saint Symphorien de Lay (fromage, viande et charcuterie)<\/strong><\/p>\n<p class=\"cma-preview\">\n","protected":false},"excerpt":{"rendered":"<p>VIN DU FOREZ\/CLOS DE CHOZIEUX\u00a0: Mr J.L\/Y Gaumon &#8211; www.closdechozieux.fr BOUCHERIE\/CHARCUTERIE CROZET : Mr Crozet BOULANGERIE LE GOUT DE\u00a0L\u2019AUTHENTIQUE :Mr Faverot et BOULANGERIE BRUNO GUERPILLON PRIMEUR\/POMME DE TERRE : Georges Fran\u00e7oise CHARCUTERIE\/FERME DE CRUZOLLE :\u00a0 \u00a0Mr Henry Cellier FROMAGE BLANC [&hellip;]<\/p>\n","protected":false},"author":1,"featured_media":0,"parent":0,"menu_order":0,"comment_status":"closed","ping_status":"closed","template":"","meta":{"inline_featured_image":false},"yoast_head":"<!-- This site is optimized with the Yoast SEO plugin v19.4 - https:\/\/yoast.com\/wordpress\/plugins\/seo\/ -->\n<title>Tous nos Partenaires au Restaurant Le Pouillerot \u00e0 Pouilly les Feurs<\/title>\n<meta name=\"description\" content=\"Nos partenaires locaux ont \u00e9t\u00e9 s\u00e9lectionn\u00e9s pour avoir les meilleurs produits\" \/>\n<meta name=\"robots\" content=\"index, follow, max-snippet:-1, max-image-preview:large, max-video-preview:-1\" \/>\n<link rel=\"canonical\" href=\"https:\/\/lepouillerot.fr\/?page_id=144\" \/>\n<meta property=\"og:locale\" content=\"fr_FR\" \/>\n<meta property=\"og:type\" content=\"article\" \/>\n<meta property=\"og:title\" content=\"Tous nos Partenaires au Restaurant Le Pouillerot \u00e0 Pouilly les Feurs\" \/>\n<meta property=\"og:description\" content=\"Nos partenaires locaux ont \u00e9t\u00e9 s\u00e9lectionn\u00e9s pour avoir les meilleurs produits\" \/>\n<meta property=\"og:url\" content=\"https:\/\/lepouillerot.fr\/?page_id=144\" \/>\n<meta property=\"og:site_name\" content=\"Restaurant Le Pouillerot\" \/>\n<meta property=\"article:modified_time\" content=\"2026-01-22T12:50:29+00:00\" \/>\n<meta name=\"twitter:card\" content=\"summary_large_image\" \/>\n<meta name=\"twitter:label1\" content=\"Dur\u00e9e de lecture estim\u00e9e\" \/>\n\t<meta name=\"twitter:data1\" content=\"1 minute\" \/>\n<script type=\"application\/ld+json\" class=\"yoast-schema-graph\">{\"@context\":\"https:\/\/schema.org\",\"@graph\":[{\"@type\":\"WebSite\",\"@id\":\"https:\/\/lepouillerot.fr\/#website\",\"url\":\"https:\/\/lepouillerot.fr\/\",\"name\":\"Restaurant Le Pouillerot\",\"description\":\"Le restaurant Le Pouillerot, d&#039;une capacit\u00e9 de 80 couverts, vous accueille \u00e0 Pouilly-l\u00e8s-Feurs\",\"potentialAction\":[{\"@type\":\"SearchAction\",\"target\":{\"@type\":\"EntryPoint\",\"urlTemplate\":\"https:\/\/lepouillerot.fr\/?s={search_term_string}\"},\"query-input\":\"required name=search_term_string\"}],\"inLanguage\":\"fr-FR\"},{\"@type\":\"WebPage\",\"@id\":\"https:\/\/lepouillerot.fr\/?page_id=144\",\"url\":\"https:\/\/lepouillerot.fr\/?page_id=144\",\"name\":\"Tous nos Partenaires au Restaurant Le Pouillerot \u00e0 Pouilly les Feurs\",\"isPartOf\":{\"@id\":\"https:\/\/lepouillerot.fr\/#website\"},\"datePublished\":\"2018-02-05T16:55:24+00:00\",\"dateModified\":\"2026-01-22T12:50:29+00:00\",\"description\":\"Nos partenaires locaux ont \u00e9t\u00e9 s\u00e9lectionn\u00e9s pour avoir les meilleurs produits\",\"breadcrumb\":{\"@id\":\"https:\/\/lepouillerot.fr\/?page_id=144#breadcrumb\"},\"inLanguage\":\"fr-FR\",\"potentialAction\":[{\"@type\":\"ReadAction\",\"target\":[\"https:\/\/lepouillerot.fr\/?page_id=144\"]}]},{\"@type\":\"BreadcrumbList\",\"@id\":\"https:\/\/lepouillerot.fr\/?page_id=144#breadcrumb\",\"itemListElement\":[{\"@type\":\"ListItem\",\"position\":1,\"name\":\"Accueil\",\"item\":\"https:\/\/lepouillerot.fr\/\"},{\"@type\":\"ListItem\",\"position\":2,\"name\":\"PARTENAIRES\"}]}]}<\/script>\n<!-- \/ Yoast SEO plugin. -->","yoast_head_json":{"title":"Tous nos Partenaires au Restaurant Le Pouillerot \u00e0 Pouilly les Feurs","description":"Nos partenaires locaux ont \u00e9t\u00e9 s\u00e9lectionn\u00e9s pour avoir les meilleurs produits","robots":{"index":"index","follow":"follow","max-snippet":"max-snippet:-1","max-image-preview":"max-image-preview:large","max-video-preview":"max-video-preview:-1"},"canonical":"https:\/\/lepouillerot.fr\/?page_id=144","og_locale":"fr_FR","og_type":"article","og_title":"Tous nos Partenaires au Restaurant Le Pouillerot \u00e0 Pouilly les Feurs","og_description":"Nos partenaires locaux ont \u00e9t\u00e9 s\u00e9lectionn\u00e9s pour avoir les meilleurs produits","og_url":"https:\/\/lepouillerot.fr\/?page_id=144","og_site_name":"Restaurant Le Pouillerot","article_modified_time":"2026-01-22T12:50:29+00:00","twitter_card":"summary_large_image","twitter_misc":{"Dur\u00e9e de lecture estim\u00e9e":"1 minute"},"schema":{"@context":"https:\/\/schema.org","@graph":[{"@type":"WebSite","@id":"https:\/\/lepouillerot.fr\/#website","url":"https:\/\/lepouillerot.fr\/","name":"Restaurant Le Pouillerot","description":"Le restaurant Le Pouillerot, d&#039;une capacit\u00e9 de 80 couverts, vous accueille \u00e0 Pouilly-l\u00e8s-Feurs","potentialAction":[{"@type":"SearchAction","target":{"@type":"EntryPoint","urlTemplate":"https:\/\/lepouillerot.fr\/?s={search_term_string}"},"query-input":"required name=search_term_string"}],"inLanguage":"fr-FR"},{"@type":"WebPage","@id":"https:\/\/lepouillerot.fr\/?page_id=144","url":"https:\/\/lepouillerot.fr\/?page_id=144","name":"Tous nos Partenaires au Restaurant Le Pouillerot \u00e0 Pouilly les Feurs","isPartOf":{"@id":"https:\/\/lepouillerot.fr\/#website"},"datePublished":"2018-02-05T16:55:24+00:00","dateModified":"2026-01-22T12:50:29+00:00","description":"Nos partenaires locaux ont \u00e9t\u00e9 s\u00e9lectionn\u00e9s pour avoir les meilleurs produits","breadcrumb":{"@id":"https:\/\/lepouillerot.fr\/?page_id=144#breadcrumb"},"inLanguage":"fr-FR","potentialAction":[{"@type":"ReadAction","target":["https:\/\/lepouillerot.fr\/?page_id=144"]}]},{"@type":"BreadcrumbList","@id":"https:\/\/lepouillerot.fr\/?page_id=144#breadcrumb","itemListElement":[{"@type":"ListItem","position":1,"name":"Accueil","item":"https:\/\/lepouillerot.fr\/"},{"@type":"ListItem","position":2,"name":"PARTENAIRES"}]}]}},"_links":{"self":[{"href":"https:\/\/lepouillerot.fr\/index.php?rest_route=\/wp\/v2\/pages\/144"}],"collection":[{"href":"https:\/\/lepouillerot.fr\/index.php?rest_route=\/wp\/v2\/pages"}],"about":[{"href":"https:\/\/lepouillerot.fr\/index.php?rest_route=\/wp\/v2\/types\/page"}],"author":[{"embeddable":true,"href":"https:\/\/lepouillerot.fr\/index.php?rest_route=\/wp\/v2\/users\/1"}],"replies":[{"embeddable":true,"href":"https:\/\/lepouillerot.fr\/index.php?rest_route=%2Fwp%2Fv2%2Fcomments&post=144"}],"version-history":[{"count":17,"href":"https:\/\/lepouillerot.fr\/index.php?rest_route=\/wp\/v2\/pages\/144\/revisions"}],"predecessor-version":[{"id":1357,"href":"https:\/\/lepouillerot.fr\/index.php?rest_route=\/wp\/v2\/pages\/144\/revisions\/1357"}],"wp:attachment":[{"href":"https:\/\/lepouillerot.fr\/index.php?rest_route=%2Fwp%2Fv2%2Fmedia&parent=144"}],"curies":[{"name":"wp","href":"https:\/\/api.w.org\/{rel}","templated":true}]}}