{"id":113,"date":"2018-02-05T17:53:09","date_gmt":"2018-02-05T16:53:09","guid":{"rendered":"http:\/\/lepouillerot.fr\/?page_id=113"},"modified":"2026-03-26T13:57:41","modified_gmt":"2026-03-26T12:57:41","slug":"carte-des-vins","status":"publish","type":"page","link":"https:\/\/lepouillerot.fr\/?page_id=113","title":{"rendered":"CARTE DES VINS"},"content":{"rendered":"<h2 style=\"text-align: center;\"><span style=\"text-decoration: underline;\"><em><strong>NOS VINS ROUGES<\/strong><\/em><\/span><\/h2>\n<p><strong>C\u00f4te du Rh\u00f4ne Septentrionaux<\/strong><\/p>\n<p><span style=\"text-decoration: underline;\">Saint Joseph\u00a0<\/span><br \/>\n75 cl &#8211; 39 \u20ac\u00a0\u00a0 \/\u00a0 37,5 cl &#8211; 26 \u20ac<br \/>\nChapoutier Deschants AOC<br \/>\nC\u00e9page Syrah. Magnifique ar\u00f4mes de fruits noirs confits et de violette. Charpente tannique puissante, b\u0153uf et agneau.<\/p>\n<p><span style=\"text-decoration: underline;\">Crozes-Hermitage<\/span><strong>\u00a0\u00a0\u00a0 <\/strong><br \/>\n75 cl &#8211; 35 \u20ac<br \/>\nBrunel de la Gardine<br \/>\nCe vin vous surprendra par son \u00e9l\u00e9gance marqu\u00e9 par des aromes de sous bois et de fruits rouges.<br \/>\nTendre, il d\u00e9livre une belle typicit\u00e9 de terroir, un plaisir intense. Il s\u2019accordera id\u00e9alement avec charcuteries, volailles, viandes et fromages affin\u00e9s.<\/p>\n<p><strong>C\u00f4te du Rh\u00f4ne M\u00e9ridionaux<\/strong><\/p>\n<p><span style=\"text-decoration: underline;\">Vacqueyras<\/span><strong> \u00a0\u00a0\u00a0\u00a0<\/strong><br \/>\n<strong>\u00a0<\/strong>75 cl &#8211; 31 \u20ac \u00a0\u00a0\u00a0\/\u00a0 \u00a0\u00a037,5 cl &#8211; 23 \u20ac<br \/>\n\u00abSeigneur de Fontimple \u00bbAOC<br \/>\nC\u00e9page Grenache noir, Syrah, Mourv\u00e8dre, une couleur intense du fruit et de la mati\u00e8re,<br \/>\nId\u00e9al sur une viande de b\u0153uf ou d&rsquo;agneau.<\/p>\n<p><span style=\"text-decoration: underline;\">Rasteau<\/span><strong>\u00a0 \u00a0<\/strong><br \/>\n75 cl &#8211; 33 \u20ac\u00a0 \u00a0\/ \u00a0<em><u>50 cl<\/u><\/em> &#8211; 27\u20ac<br \/>\nCh\u00e2teau de la Gardine<br \/>\nId\u00e9al pour toutes les viandes. Charpent\u00e9 et g\u00e9n\u00e9reux aux tanins \u00e9l\u00e9gants et serr\u00e9s. Belle couleur<br \/>\nProfonde grenat avec des aromes de petits fruits rouges et r\u00e9glisse noir.<\/p>\n<p><span style=\"text-decoration: underline;\">Prieur\u00e9 St Julien\u00a0 AOC\u00a0<\/span><br \/>\n75 cl &#8211; 24 \u20ac\u00a0\u00a0 \/\u00a0\u00a0 37,5 cl &#8211; 157 \u20ac<br \/>\nCe C\u00f4tes du Rh\u00f4ne rive droite est caract\u00e9ristique des vins de cette r\u00e9gion : L\u00e9ger, parfum\u00e9 et l\u00e9g\u00e8rement \u00e9pic\u00e9. Un vin gourmand qui accompagnera vos grillades et vos l\u00e9gumes d&rsquo;\u00e9t\u00e9, mais aussi vos volailles.<br \/>\n<u><\/u><\/p>\n<p><span style=\"text-decoration: underline;\">Beaumes de Venise<\/span> <strong>\u00a0\u00a0\u00a0\u00a0\u00a0\u00a0\u00a0\u00a0<\/strong><br \/>\n75 cl &#8211; 29 \u20ac<br \/>\n\u00ab Domaine de Cassan \u00bb AOP<br \/>\nSitu\u00e9 au c\u0153ur des dentelles de Montmirail, les vignes du Domaine sont expos\u00e9es plein sud. Cela donne un vin charnu, cors\u00e9 et puissant pouvant accompagner un gibier ou une viande en sauce.<\/p>\n<p><strong>Vin de Loire <\/strong><\/p>\n<p><span style=\"text-decoration: underline;\">Saumur Champigny<\/span><br \/>\n75 cl &#8211; 25 \u20ac<br \/>\nCouleur rouge grenat. Robe lumineuse. Complexe, aux ar\u00f4mes \u00e9pic\u00e9s et empyreumatiques. Le tuffeau apporte finesse et l\u00e9g\u00e8ret\u00e9, avec des notes de fruits rouges et fleurs (iris, violette).<br \/>\nLe Saumur Champigny pr\u00e9sente toujours des tanins fins et velout\u00e9s et une fin de bouche fra\u00eeche et \u00e9quilibr\u00e9e.<\/p>\n<p><span style=\"text-decoration: underline;\">C\u00f4te Roannaise Domaine des Pothiers AOC<\/span><strong>\u00a0<\/strong><br \/>\n75 cl &#8211; 25.50 \u20ac<br \/>\nC\u00e9page Gamay. Un vin tr\u00e8s aromatique (fraise, framboise) Souple et rond en bouche. Accompagne parfaitement viandes blanches, charcuteries.<\/p>\n<p><span style=\"text-decoration: underline;\">A O C\u00a0 C\u00f4te du Forez \u00ab\u00a0Vieille Vignes \u00ab\u00a0<\/span><br \/>\nCuv\u00e9e Clos de Chozieux<br \/>\n75 cl &#8211; 19 \u20ac \/37,5 cl &#8211; 14 \u20ac<br \/>\nLe terroir granitique associ\u00e9 \u00e0 l\u2019\u00e2ge de cette parcelle, la vinification et l\u2019\u00e9levage en demi-muid vous feront d\u00e9couvrir toute l\u2019expression de l\u2019excellence d\u2019un gamay. Id\u00e9al pour vos viandes grill\u00e9es ou r\u00f4ties.<\/p>\n<p><strong>Bordeaux<\/strong><\/p>\n<p><span style=\"text-decoration: underline;\">\u00ab La Rose Perruchon \u00bb AOC\u00a0<\/span><br \/>\nLussac-Saint-Emilion<br \/>\n75 cl &#8211; 30 \u20ac\u00a0\u00a0 \/\u00a0\u00a0 37,5 cl &#8211; 21 \u20ac<br \/>\nUn vin sur le fruit et la fraicheur, une bouche ample et longue qui accompagnera les viandes rouges grill\u00e9es ou des plats plus complexes<\/p>\n<p><span style=\"text-decoration: underline;\">Mouton Cadet\u00a0<\/span><br \/>\n75 cl &#8211; 30 \u20ac<br \/>\nBaron Philippe de Rothschild &#8211; AOC Bordeaux<br \/>\nFrais et harmonieux, les ar\u00f4mes de fruits rouges m\u00fbrs offrent une belle longueur en bouche avec une finale fra\u00eeche et \u00e9pic\u00e9e Un vin souple, fruit\u00e9, moderne et bien \u00e9quilibr\u00e9, va accompagner id\u00e9alement vos viandes et vos charcuteries.<\/p>\n<p><strong>Bourgogne<\/strong><br \/>\n<span style=\"text-decoration: underline;\">Pinot noir \u00a0\u00a0AOC\u00a0<\/span><br \/>\n75 cl &#8211; 28 \u20ac<br \/>\nCave d\u2019aze<br \/>\nRobe pourpre aux reflets violines .Au nez, le vin offre une large palette aromatique de fruits rouges et noirs. Souple et d\u00e9licate, la bouche offre des tanins soyeux et une longueur remarquable.<\/p>\n<p><strong>Vin du sud : domaine G\u00e9rard Bertrand<\/strong><\/p>\n<p>Cit\u00e9 Carcassone An 1130 AOP<\/p>\n<p>75 cl -27 \u20ac<\/p>\n<p>Le vignoble b\u00e9n\u00e9ficie d&rsquo;influences oc\u00e9aniques et m\u00e9diterran\u00e9ennes amenant fraicheur et aromes fruit\u00e9s au vin.<\/p>\n<p>Castellum Cit\u00e9 de Carcassone IGP<\/p>\n<p>75 cl &#8211; 38 \u20ac<\/p>\n<p><span style=\"color: #ff0000;\">COUP DE COEUR DU CHEF<\/span><\/p>\n<p>La robe est rouge profond. Le nez\u00a0 r\u00e9v\u00e8le une grande richesse et complexit\u00e9 aromatique avec d&rsquo;intenses aromes de fruits murs et de violette. Une belle rondeur et longueur en bouche qui est caract\u00e9ris\u00e9e par des tanins soyeux, fondus et des notes \u00e9pic\u00e9es.<\/p>\n<h2 style=\"text-align: center;\"><strong><span style=\"text-decoration: underline;\"><em>NOS VINS BLANCS<\/em><\/span><\/strong><\/h2>\n<p style=\"text-align: left;\"><strong>VIN BLANCS MOELLEUX\u00a0<\/strong><\/p>\n<p><strong>Vall\u00e9e de la Loire<\/strong><\/p>\n<p><span style=\"text-decoration: underline;\">Coteau du Layon AOC\u00a0 Anjou\u00a0<\/span><br \/>\n75 cl &#8211; 28 \u20ac<br \/>\nLe coteau du layon est un vin d&rsquo;Anjou, issu d&rsquo;un c\u00e9page chenin .Vin moelleux, en vieillissant il obtient une belle couleur jaune d&rsquo;or. Il accompagnera vos desserts mais aussi le fromage tel que le bleu et votre foie gras.<\/p>\n<p><strong>Alsace<\/strong><\/p>\n<p><span style=\"text-decoration: underline;\">Gewurztraminer Cave d&rsquo;Hunawhir\u00a0 AOC<\/span><br \/>\n75 cl &#8211; 31 \u20ac<br \/>\nC\u00e9page Gewurztraminer. Vin l\u00e9g\u00e8rement moelleux aux ar\u00f4mes de r\u00e9glisse. A servir avec foie gras, boudin ou un vieux comt\u00e9.<\/p>\n<p style=\"text-align: left;\"><strong>VINS BLANCS SECS<\/strong><\/p>\n<p><strong><em><u>\u00a0<\/u>Alsace\u00a0<\/em><\/strong><\/p>\n<p><span style=\"text-decoration: underline;\">Pinot Gris Cave d&rsquo;Hunawhir AOC<\/span><br \/>\n75 cl &#8211; 29.50 \u20ac<br \/>\nCe vin sec mais tr\u00e8s \u00e9quilibr\u00e9 sera l&rsquo;accord parfait pour une charcuterie ou un poisson.<\/p>\n<p><strong>B<\/strong><strong>ourgogne<\/strong><\/p>\n<p><span style=\"text-decoration: underline;\">Saint-V\u00e9ran\u00a0 AOC<\/span><br \/>\n75 cl &#8211; 31 \u20ac<br \/>\nUn vin g\u00e9n\u00e9reux d&rsquo;une belle robe or soutenue, un nez \u00e0 dominante floral. Apr\u00e8s une attaque en bouche franche, le vin r\u00e9v\u00e8le une mati\u00e8re onctueuse avec du gras et une finale fra\u00eeche, le tout dans une grande harmonie. Id\u00e9al sur une viande blanche ou un poisson.<\/p>\n<p><strong>C\u00f4te du Forez\u00a0<\/strong><\/p>\n<p><span style=\"text-decoration: underline;\">Chardonnay Fut de Ch\u00eane Vin du pays d\u2019Urf\u00e9<\/span><br \/>\nLe Clos de Chozieux<\/p>\n<p>75 cl &#8211; 22 \u20ac<br \/>\nVin fruit\u00e9, souple et envelopp\u00e9 de senteurs d\u2019agrumes. Ce vin est \u00e0 boire jeune en ap\u00e9ritif mais peut aussi accompagner une viande blanche.<\/p>\n<p><strong>Ard\u00e8che<\/strong><\/p>\n<p><span style=\"text-decoration: underline;\">Viognier<\/span><br \/>\nTerre d\u2019\u00e9glantier IGP<br \/>\n75 cl &#8211; 29 \u20ac<br \/>\nUne robe or p\u00e2le. Un nez tr\u00e8s puissant de fleurs blanches, d\u2019abricot et de p\u00eache, mais aussi de p\u00e2tisseries et de confiseries. C\u2019est un vin rond et tr\u00e8s aromatique.<\/p>\n<h2 style=\"text-align: center;\"><strong><span style=\"text-decoration: underline;\"><em>NOS VINS ROSES<\/em><\/span><\/strong><\/h2>\n<p><strong>C\u00f4te du Forez<\/strong><\/p>\n<p><span style=\"text-decoration: underline;\">AOC vin de pays d\u2019Urf\u00e9\u00a0Le clos de Chozieux <\/span><\/p>\n<p>75cl &#8211; 21 \u20ac \u00a0\/ 37,5cl &#8211; 15 \u20ac<br \/>\nVin issu de c\u00e9page Gamay, des vignes de 25ans environ sur terroir volcanique et granitique.<br \/>\nS\u2019accompagne tr\u00e8s bien avec ap\u00e9ritif, grillade, charcuterie.<\/p>\n<p><strong>C\u00f4tes de Provence \u00a0\u00a0\u00a0<\/strong><\/p>\n<p><span style=\"text-decoration: underline;\">Ch\u00e2teau cavalier<\/span><br \/>\n75 cl &#8211; 29 \u20ac<br \/>\nProfil tout en finesse, alliant complexit\u00e9 et \u00e9clatant. Cavalier 2016 est \u00e9l\u00e9gant avec une jolie couleur p\u00e2le et un aromatique agrume qui lui apporte de la fra\u00eecheur. Id\u00e9al pour les poissons et volailles.<\/p>\n<h2 style=\"text-align: center;\"><span style=\"text-decoration: underline;\"><em><strong>NOS CHAMPAGNES<\/strong><\/em><\/span><\/h2>\n<p><span style=\"text-decoration: underline;\">Champagne Trouillard AOC<\/span><br \/>\nCuv\u00e9e Elexium<br \/>\nBrut \u00a075 cl &#8211; 47 \u20ac<br \/>\nAssemblage d\u2019une vingtaine de crus principalement situ\u00e9s dans la petite et grande Montagne de Reims. La Grande et la Haute vall\u00e9e et dans la prestigieuse C\u00f4te des Blancs. La puissance du Pinot Noir, la souplesse et le fruit du Meunier s\u2019allient \u00e0 l\u2019\u00e9l\u00e9gance du Chardonnay pour donner \u00e0 cette cuv\u00e9e tout son \u00e9clat et sa l\u00e9g\u00e8ret\u00e9.<\/p>\n<p><span style=\"text-decoration: underline;\">P\u00e9tillant Cerdon<\/span><br \/>\nAOC vin p\u00e9tillant du Bugey \u00a0domaine Bussard<br \/>\n75 cl &#8211; 28 \u20ac<br \/>\nUn proc\u00e9d\u00e9 d\u2019\u00e9laboration unique et original\u00a0: \u00ab\u00a0la m\u00e9thode ancestrale\u00a0\u00bb. Une tr\u00e8s forte expression aromatique des c\u00e9pages avec une dominante de fruits rouges\u00a0. Un caract\u00e8re demi-sec r\u00e9sultant d\u2019un \u00e9quilibre harmonieux des acides et des sucres r\u00e9siduels(sucre naturel du raisin) .<\/p>\n<p>L\u2019abus d\u2019alcool est dangereux pour la sant\u00e9, \u00e0 consommer avec mod\u00e9ration.<\/p>\n<p><strong>\u00a0<\/strong><\/p>\n<p><strong>\u00a0<\/strong><\/p>\n<p><strong>\u00a0<\/strong><\/p>\n","protected":false},"excerpt":{"rendered":"<p>NOS VINS ROUGES C\u00f4te du Rh\u00f4ne Septentrionaux Saint Joseph\u00a0 75 cl &#8211; 39 \u20ac\u00a0\u00a0 \/\u00a0 37,5 cl &#8211; 26 \u20ac Chapoutier Deschants AOC C\u00e9page Syrah. Magnifique ar\u00f4mes de fruits noirs confits et de violette. Charpente tannique puissante, b\u0153uf et agneau. [&hellip;]<\/p>\n","protected":false},"author":1,"featured_media":0,"parent":0,"menu_order":0,"comment_status":"closed","ping_status":"closed","template":"","meta":{"inline_featured_image":false},"yoast_head":"<!-- This site is optimized with the Yoast SEO plugin v19.4 - https:\/\/yoast.com\/wordpress\/plugins\/seo\/ -->\n<title>Carte des vins au Restaurant Le Pouillerot \u00e0 Pouilly les Feurs<\/title>\n<meta name=\"description\" content=\"Tr\u00e8s belle carte de vin (rouge, ros\u00e9, blanc et champagne)avec un large choix et bien sur nos vins locaux\" \/>\n<meta name=\"robots\" content=\"index, follow, max-snippet:-1, max-image-preview:large, max-video-preview:-1\" \/>\n<link rel=\"canonical\" href=\"https:\/\/lepouillerot.fr\/?page_id=113\" \/>\n<meta property=\"og:locale\" content=\"fr_FR\" \/>\n<meta property=\"og:type\" content=\"article\" \/>\n<meta property=\"og:title\" content=\"Carte des vins au Restaurant Le Pouillerot \u00e0 Pouilly les Feurs\" \/>\n<meta property=\"og:description\" content=\"Tr\u00e8s belle carte de vin (rouge, ros\u00e9, blanc et champagne)avec un large choix et bien sur nos vins locaux\" \/>\n<meta property=\"og:url\" content=\"https:\/\/lepouillerot.fr\/?page_id=113\" \/>\n<meta property=\"og:site_name\" content=\"Restaurant Le Pouillerot\" \/>\n<meta property=\"article:modified_time\" content=\"2026-03-26T12:57:41+00:00\" \/>\n<meta name=\"twitter:card\" content=\"summary_large_image\" \/>\n<meta name=\"twitter:label1\" content=\"Dur\u00e9e de lecture estim\u00e9e\" \/>\n\t<meta name=\"twitter:data1\" content=\"6 minutes\" \/>\n<script type=\"application\/ld+json\" class=\"yoast-schema-graph\">{\"@context\":\"https:\/\/schema.org\",\"@graph\":[{\"@type\":\"WebSite\",\"@id\":\"https:\/\/lepouillerot.fr\/#website\",\"url\":\"https:\/\/lepouillerot.fr\/\",\"name\":\"Restaurant Le Pouillerot\",\"description\":\"Le restaurant Le Pouillerot, d&#039;une capacit\u00e9 de 80 couverts, vous accueille \u00e0 Pouilly-l\u00e8s-Feurs\",\"potentialAction\":[{\"@type\":\"SearchAction\",\"target\":{\"@type\":\"EntryPoint\",\"urlTemplate\":\"https:\/\/lepouillerot.fr\/?s={search_term_string}\"},\"query-input\":\"required name=search_term_string\"}],\"inLanguage\":\"fr-FR\"},{\"@type\":\"WebPage\",\"@id\":\"https:\/\/lepouillerot.fr\/?page_id=113\",\"url\":\"https:\/\/lepouillerot.fr\/?page_id=113\",\"name\":\"Carte des vins au Restaurant Le Pouillerot \u00e0 Pouilly les Feurs\",\"isPartOf\":{\"@id\":\"https:\/\/lepouillerot.fr\/#website\"},\"datePublished\":\"2018-02-05T16:53:09+00:00\",\"dateModified\":\"2026-03-26T12:57:41+00:00\",\"description\":\"Tr\u00e8s belle carte de vin (rouge, ros\u00e9, blanc et champagne)avec un large choix et bien sur nos vins locaux\",\"breadcrumb\":{\"@id\":\"https:\/\/lepouillerot.fr\/?page_id=113#breadcrumb\"},\"inLanguage\":\"fr-FR\",\"potentialAction\":[{\"@type\":\"ReadAction\",\"target\":[\"https:\/\/lepouillerot.fr\/?page_id=113\"]}]},{\"@type\":\"BreadcrumbList\",\"@id\":\"https:\/\/lepouillerot.fr\/?page_id=113#breadcrumb\",\"itemListElement\":[{\"@type\":\"ListItem\",\"position\":1,\"name\":\"Accueil\",\"item\":\"https:\/\/lepouillerot.fr\/\"},{\"@type\":\"ListItem\",\"position\":2,\"name\":\"CARTE DES VINS\"}]}]}<\/script>\n<!-- \/ Yoast SEO plugin. -->","yoast_head_json":{"title":"Carte des vins au Restaurant Le Pouillerot \u00e0 Pouilly les Feurs","description":"Tr\u00e8s belle carte de vin (rouge, ros\u00e9, blanc et champagne)avec un large choix et bien sur nos vins locaux","robots":{"index":"index","follow":"follow","max-snippet":"max-snippet:-1","max-image-preview":"max-image-preview:large","max-video-preview":"max-video-preview:-1"},"canonical":"https:\/\/lepouillerot.fr\/?page_id=113","og_locale":"fr_FR","og_type":"article","og_title":"Carte des vins au Restaurant Le Pouillerot \u00e0 Pouilly les Feurs","og_description":"Tr\u00e8s belle carte de vin (rouge, ros\u00e9, blanc et champagne)avec un large choix et bien sur nos vins locaux","og_url":"https:\/\/lepouillerot.fr\/?page_id=113","og_site_name":"Restaurant Le Pouillerot","article_modified_time":"2026-03-26T12:57:41+00:00","twitter_card":"summary_large_image","twitter_misc":{"Dur\u00e9e de lecture estim\u00e9e":"6 minutes"},"schema":{"@context":"https:\/\/schema.org","@graph":[{"@type":"WebSite","@id":"https:\/\/lepouillerot.fr\/#website","url":"https:\/\/lepouillerot.fr\/","name":"Restaurant Le Pouillerot","description":"Le restaurant Le Pouillerot, d&#039;une capacit\u00e9 de 80 couverts, vous accueille \u00e0 Pouilly-l\u00e8s-Feurs","potentialAction":[{"@type":"SearchAction","target":{"@type":"EntryPoint","urlTemplate":"https:\/\/lepouillerot.fr\/?s={search_term_string}"},"query-input":"required name=search_term_string"}],"inLanguage":"fr-FR"},{"@type":"WebPage","@id":"https:\/\/lepouillerot.fr\/?page_id=113","url":"https:\/\/lepouillerot.fr\/?page_id=113","name":"Carte des vins au Restaurant Le Pouillerot \u00e0 Pouilly les Feurs","isPartOf":{"@id":"https:\/\/lepouillerot.fr\/#website"},"datePublished":"2018-02-05T16:53:09+00:00","dateModified":"2026-03-26T12:57:41+00:00","description":"Tr\u00e8s belle carte de vin (rouge, ros\u00e9, blanc et champagne)avec un large choix et bien sur nos vins locaux","breadcrumb":{"@id":"https:\/\/lepouillerot.fr\/?page_id=113#breadcrumb"},"inLanguage":"fr-FR","potentialAction":[{"@type":"ReadAction","target":["https:\/\/lepouillerot.fr\/?page_id=113"]}]},{"@type":"BreadcrumbList","@id":"https:\/\/lepouillerot.fr\/?page_id=113#breadcrumb","itemListElement":[{"@type":"ListItem","position":1,"name":"Accueil","item":"https:\/\/lepouillerot.fr\/"},{"@type":"ListItem","position":2,"name":"CARTE DES VINS"}]}]}},"_links":{"self":[{"href":"https:\/\/lepouillerot.fr\/index.php?rest_route=\/wp\/v2\/pages\/113"}],"collection":[{"href":"https:\/\/lepouillerot.fr\/index.php?rest_route=\/wp\/v2\/pages"}],"about":[{"href":"https:\/\/lepouillerot.fr\/index.php?rest_route=\/wp\/v2\/types\/page"}],"author":[{"embeddable":true,"href":"https:\/\/lepouillerot.fr\/index.php?rest_route=\/wp\/v2\/users\/1"}],"replies":[{"embeddable":true,"href":"https:\/\/lepouillerot.fr\/index.php?rest_route=%2Fwp%2Fv2%2Fcomments&post=113"}],"version-history":[{"count":20,"href":"https:\/\/lepouillerot.fr\/index.php?rest_route=\/wp\/v2\/pages\/113\/revisions"}],"predecessor-version":[{"id":1363,"href":"https:\/\/lepouillerot.fr\/index.php?rest_route=\/wp\/v2\/pages\/113\/revisions\/1363"}],"wp:attachment":[{"href":"https:\/\/lepouillerot.fr\/index.php?rest_route=%2Fwp%2Fv2%2Fmedia&parent=113"}],"curies":[{"name":"wp","href":"https:\/\/api.w.org\/{rel}","templated":true}]}}