{"id":11,"date":"2018-02-05T14:58:55","date_gmt":"2018-02-05T13:58:55","guid":{"rendered":"http:\/\/lepouillerot.com\/?page_id=11"},"modified":"2024-11-04T18:38:34","modified_gmt":"2024-11-04T17:38:34","slug":"restaurant-le-pouillerot","status":"publish","type":"page","link":"https:\/\/lepouillerot.fr\/?page_id=11","title":{"rendered":"RESTAURANT LE POUILLEROT"},"content":{"rendered":"<h2 style=\"text-align: center;\"><span style=\"text-decoration: underline;\"><em><strong>PR\u00c9SENTATION<\/strong><\/em><\/span><\/h2>\n<p>En 2013, j\u2019ai pris en tant que g\u00e9rant le restaurant de la commune de Pouilly-l\u00e8s-Feurs\u00a0 et cr\u00e9\u00e9, <em>\u00ab\u00a0LE POUILLEROT\u00a0\u00bb\u00a0<\/em>avec sa <strong><em>cuisine<\/em><em><strong> tra<\/strong>ditionnelle<\/em><\/strong>,\u00a0<em><b>d\u2019antan, soign\u00e9e, copieuse, g\u00e9n\u00e9reuse, go\u00fbteuse, gourmande et de qualit\u00e9.<\/b><\/em><\/p>\n<p>J\u2019ai \u00e9tabli une carte vari\u00e9e avec des produits du terroir et des fournisseurs locaux. Une large carte de vin vous attend parmi lesquels vous pouvez retrouver les vins du forez LE CLOS DE CHOZIEUX.<\/p>\n<p>Nos tarifs sont adapt\u00e9s \u00e0 tous les budgets avec un <span style=\"color: #000000;\"><strong>tr\u00e8s bon rapport qualit\u00e9 prix,<\/strong><\/span>\u00a0aussi bien pour les groupes (repas de famille, r\u00e9union, ap\u00e9ritif d\u00eenatoire, club, association, repas d\u2019affaire, anniversaire, d\u00e9part en retraite, et toute autre occasion) que pour les personnes en petit comit\u00e9.<\/p>\n<p>Nous mettons a votre disposition le <strong>gourmet bag\u00a0<\/strong>qui consiste a ramener\u00a0ce qui n\u2019est pas termin\u00e9 dans son assiette. La mise \u00e0 disposition de contenants est totalement gratuite. Donc cela sert \u00e0 la limitation du gaspillage et du volume de bio-d\u00e9chets.<\/p>\n<p>Nous sommes <strong>ouverts tous les jours f\u00e9ri\u00e9s de l\u2019ann\u00e9e<\/strong> et proposons des menus sp\u00e9ciaux pour la Saint Valentin, F\u00eate des m\u00e8res et No\u00ebl.<\/p>\n<p>Ouvert tous les jours sauf le mardi, mercredi et dimanche soir. (possibilit\u00e9 d&rsquo;\u00eatre ouvert ces jours l\u00e0 pour les groupes)<br \/>\nSoirs de semaine sur r\u00e9servation.<\/p>\n<p style=\"text-align: center;\"><strong><span style=\"color: #000000;\">Il est fortement conseill\u00e9 de r\u00e9server la semaine et le weekend.<\/span><\/strong><\/p>\n<h2 style=\"text-align: center;\"><span style=\"text-decoration: underline;\"><em><strong>MES SP\u00c9CIALIT\u00c9SS<\/strong><\/em><\/span><\/h2>\n<p>Maintenant devenu incontournable,\u00a0<strong>LE GRATIN DE POMME DE TERRE A LA FOURME DE SAUVAIN, <\/strong>sp\u00e9cialit\u00e9 du restaurant LE POUILLEROT.<\/p>\n<p>A compter aussi dans mes meilleures ventes, sur place ou \u00e0 emporter la\u00a0<b>TERRINE DE FOIE GRAS DE CANARD DU SUD OUEST\u00a0A LA FIGUE\u00a0<\/b>fait-maison, le fondant de b\u0153uf sauce vinaigre de cidre et l&rsquo;omelette norv\u00e9gienne flamb\u00e9e au rhum devant vous fait maison.<\/p>\n<h2 style=\"text-align: center;\"><span style=\"text-decoration: underline;\"><em><strong>LES TARIFS<\/strong><\/em><\/span><\/h2>\n<p>Nos menus de semaine varient de 15 \u20ac \u00e0 36,50 \u20ac.<br \/>\nMenu enfant en semaine 12,50 \u20ac et dimanche 13 \u20ac.<br \/>\nLe dimanche 2 menus vous sont propos\u00e9s \u00e0 29.50 \u20ac ou 36.50 \u20ac, avec leurs chariots de fromages et de desserts.<\/p>\n<h2 style=\"text-align: center;\"><span style=\"text-decoration: underline;\"><em><strong>SERVICE TRAITEUR ET PLATS A EMPORTER<\/strong><\/em><\/span><\/h2>\n<p>Nous vous proposons un service traiteur ou de plats \u00e0 emporter. Il vous suffit de choisir parmi notre assortiment disponible \u00e0 la carte ou bien de nous faire part de vos envies et de\u00a0votre budget.<\/p>\n<p>Pour plus d&rsquo;information veuillez nous contacter au 04.77.28.17.83.<\/p>\n<h2 style=\"text-align: center;\"><span style=\"text-decoration: underline;\"><em><strong>CH\u00c8QUE CADEAU<\/strong><\/em><\/span><\/h2>\n<p>Pour faire plaisir \u00e0 vos amies ou vos proches, pensez au ch\u00e8que cadeau cr\u00e9dit\u00e9 du montant de votre choix.<\/p>\n<h2 style=\"text-align: center;\"><span style=\"text-decoration: underline;\"><em><strong>LES SALLES<\/strong><\/em><\/span><\/h2>\n<p>Nous sommes heureux de vous accueillir dans notre restaurant LE POUILLEROT, avec ses deux salles climatis\u00e9es pouvant accueillir jusqu\u2019\u00e0 80 personnes pour tous vos \u00e9v\u00e9nements.<\/p>\n<p>Nous disposons \u00e9galement d&rsquo;une agr\u00e9able terrasse d\u2019\u00e9t\u00e9 d\u2019une capacit\u00e9 d\u2019environ 30 personnes.<\/p>\n<p>Parking \u00e0 proximit\u00e9.<\/p>\n","protected":false},"excerpt":{"rendered":"<p>PR\u00c9SENTATION En 2013, j\u2019ai pris en tant que g\u00e9rant le restaurant de la commune de Pouilly-l\u00e8s-Feurs\u00a0 et cr\u00e9\u00e9, \u00ab\u00a0LE POUILLEROT\u00a0\u00bb\u00a0avec sa cuisine traditionnelle,\u00a0d\u2019antan, soign\u00e9e, copieuse, g\u00e9n\u00e9reuse, go\u00fbteuse, gourmande et de qualit\u00e9. J\u2019ai \u00e9tabli une carte vari\u00e9e avec des produits du [&hellip;]<\/p>\n","protected":false},"author":1,"featured_media":0,"parent":0,"menu_order":0,"comment_status":"closed","ping_status":"closed","template":"","meta":{"inline_featured_image":false},"yoast_head":"<!-- This site is optimized with the Yoast SEO plugin v19.4 - https:\/\/yoast.com\/wordpress\/plugins\/seo\/ -->\n<title>Notre pr\u00e9sentation du Restaurant Le Pouillerot \u00e0 Pouilly les Feurs<\/title>\n<meta name=\"description\" content=\"Un descriptif de notre \u00e9tablissement pour vous donner envie de nous d\u00e9couvrir, \u00e0 tr\u00e8s bientot\" \/>\n<meta name=\"robots\" content=\"index, follow, max-snippet:-1, max-image-preview:large, max-video-preview:-1\" \/>\n<link rel=\"canonical\" href=\"https:\/\/lepouillerot.fr\/?page_id=11\" \/>\n<meta property=\"og:locale\" content=\"fr_FR\" \/>\n<meta property=\"og:type\" content=\"article\" \/>\n<meta property=\"og:title\" content=\"Notre pr\u00e9sentation du Restaurant Le Pouillerot \u00e0 Pouilly les Feurs\" \/>\n<meta property=\"og:description\" content=\"Un descriptif de notre \u00e9tablissement pour vous donner envie de nous d\u00e9couvrir, \u00e0 tr\u00e8s bientot\" \/>\n<meta property=\"og:url\" content=\"https:\/\/lepouillerot.fr\/?page_id=11\" \/>\n<meta property=\"og:site_name\" content=\"Restaurant Le Pouillerot\" \/>\n<meta property=\"article:modified_time\" content=\"2024-11-04T17:38:34+00:00\" \/>\n<meta name=\"twitter:card\" content=\"summary_large_image\" \/>\n<meta name=\"twitter:label1\" content=\"Dur\u00e9e de lecture estim\u00e9e\" \/>\n\t<meta name=\"twitter:data1\" content=\"3 minutes\" \/>\n<script type=\"application\/ld+json\" class=\"yoast-schema-graph\">{\"@context\":\"https:\/\/schema.org\",\"@graph\":[{\"@type\":\"WebSite\",\"@id\":\"https:\/\/lepouillerot.fr\/#website\",\"url\":\"https:\/\/lepouillerot.fr\/\",\"name\":\"Restaurant Le Pouillerot\",\"description\":\"Le restaurant Le Pouillerot, d&#039;une capacit\u00e9 de 80 couverts, vous accueille \u00e0 Pouilly-l\u00e8s-Feurs\",\"potentialAction\":[{\"@type\":\"SearchAction\",\"target\":{\"@type\":\"EntryPoint\",\"urlTemplate\":\"https:\/\/lepouillerot.fr\/?s={search_term_string}\"},\"query-input\":\"required name=search_term_string\"}],\"inLanguage\":\"fr-FR\"},{\"@type\":\"WebPage\",\"@id\":\"https:\/\/lepouillerot.fr\/?page_id=11\",\"url\":\"https:\/\/lepouillerot.fr\/?page_id=11\",\"name\":\"Notre pr\u00e9sentation du Restaurant Le Pouillerot \u00e0 Pouilly les Feurs\",\"isPartOf\":{\"@id\":\"https:\/\/lepouillerot.fr\/#website\"},\"datePublished\":\"2018-02-05T13:58:55+00:00\",\"dateModified\":\"2024-11-04T17:38:34+00:00\",\"description\":\"Un descriptif de notre \u00e9tablissement pour vous donner envie de nous d\u00e9couvrir, \u00e0 tr\u00e8s bientot\",\"breadcrumb\":{\"@id\":\"https:\/\/lepouillerot.fr\/?page_id=11#breadcrumb\"},\"inLanguage\":\"fr-FR\",\"potentialAction\":[{\"@type\":\"ReadAction\",\"target\":[\"https:\/\/lepouillerot.fr\/?page_id=11\"]}]},{\"@type\":\"BreadcrumbList\",\"@id\":\"https:\/\/lepouillerot.fr\/?page_id=11#breadcrumb\",\"itemListElement\":[{\"@type\":\"ListItem\",\"position\":1,\"name\":\"Accueil\",\"item\":\"https:\/\/lepouillerot.fr\/\"},{\"@type\":\"ListItem\",\"position\":2,\"name\":\"RESTAURANT LE POUILLEROT\"}]}]}<\/script>\n<!-- \/ Yoast SEO plugin. -->","yoast_head_json":{"title":"Notre pr\u00e9sentation du Restaurant Le Pouillerot \u00e0 Pouilly les Feurs","description":"Un descriptif de notre \u00e9tablissement pour vous donner envie de nous d\u00e9couvrir, \u00e0 tr\u00e8s bientot","robots":{"index":"index","follow":"follow","max-snippet":"max-snippet:-1","max-image-preview":"max-image-preview:large","max-video-preview":"max-video-preview:-1"},"canonical":"https:\/\/lepouillerot.fr\/?page_id=11","og_locale":"fr_FR","og_type":"article","og_title":"Notre pr\u00e9sentation du Restaurant Le Pouillerot \u00e0 Pouilly les Feurs","og_description":"Un descriptif de notre \u00e9tablissement pour vous donner envie de nous d\u00e9couvrir, \u00e0 tr\u00e8s bientot","og_url":"https:\/\/lepouillerot.fr\/?page_id=11","og_site_name":"Restaurant Le Pouillerot","article_modified_time":"2024-11-04T17:38:34+00:00","twitter_card":"summary_large_image","twitter_misc":{"Dur\u00e9e de lecture estim\u00e9e":"3 minutes"},"schema":{"@context":"https:\/\/schema.org","@graph":[{"@type":"WebSite","@id":"https:\/\/lepouillerot.fr\/#website","url":"https:\/\/lepouillerot.fr\/","name":"Restaurant Le Pouillerot","description":"Le restaurant Le Pouillerot, d&#039;une capacit\u00e9 de 80 couverts, vous accueille \u00e0 Pouilly-l\u00e8s-Feurs","potentialAction":[{"@type":"SearchAction","target":{"@type":"EntryPoint","urlTemplate":"https:\/\/lepouillerot.fr\/?s={search_term_string}"},"query-input":"required name=search_term_string"}],"inLanguage":"fr-FR"},{"@type":"WebPage","@id":"https:\/\/lepouillerot.fr\/?page_id=11","url":"https:\/\/lepouillerot.fr\/?page_id=11","name":"Notre pr\u00e9sentation du Restaurant Le Pouillerot \u00e0 Pouilly les Feurs","isPartOf":{"@id":"https:\/\/lepouillerot.fr\/#website"},"datePublished":"2018-02-05T13:58:55+00:00","dateModified":"2024-11-04T17:38:34+00:00","description":"Un descriptif de notre \u00e9tablissement pour vous donner envie de nous d\u00e9couvrir, \u00e0 tr\u00e8s bientot","breadcrumb":{"@id":"https:\/\/lepouillerot.fr\/?page_id=11#breadcrumb"},"inLanguage":"fr-FR","potentialAction":[{"@type":"ReadAction","target":["https:\/\/lepouillerot.fr\/?page_id=11"]}]},{"@type":"BreadcrumbList","@id":"https:\/\/lepouillerot.fr\/?page_id=11#breadcrumb","itemListElement":[{"@type":"ListItem","position":1,"name":"Accueil","item":"https:\/\/lepouillerot.fr\/"},{"@type":"ListItem","position":2,"name":"RESTAURANT LE POUILLEROT"}]}]}},"_links":{"self":[{"href":"https:\/\/lepouillerot.fr\/index.php?rest_route=\/wp\/v2\/pages\/11"}],"collection":[{"href":"https:\/\/lepouillerot.fr\/index.php?rest_route=\/wp\/v2\/pages"}],"about":[{"href":"https:\/\/lepouillerot.fr\/index.php?rest_route=\/wp\/v2\/types\/page"}],"author":[{"embeddable":true,"href":"https:\/\/lepouillerot.fr\/index.php?rest_route=\/wp\/v2\/users\/1"}],"replies":[{"embeddable":true,"href":"https:\/\/lepouillerot.fr\/index.php?rest_route=%2Fwp%2Fv2%2Fcomments&post=11"}],"version-history":[{"count":17,"href":"https:\/\/lepouillerot.fr\/index.php?rest_route=\/wp\/v2\/pages\/11\/revisions"}],"predecessor-version":[{"id":1284,"href":"https:\/\/lepouillerot.fr\/index.php?rest_route=\/wp\/v2\/pages\/11\/revisions\/1284"}],"wp:attachment":[{"href":"https:\/\/lepouillerot.fr\/index.php?rest_route=%2Fwp%2Fv2%2Fmedia&parent=11"}],"curies":[{"name":"wp","href":"https:\/\/api.w.org\/{rel}","templated":true}]}}